{"id":234,"date":"2019-03-10T16:28:42","date_gmt":"2019-03-10T15:28:42","guid":{"rendered":"https:\/\/www.ssv-senftenberg.de\/konzept\/?page_id=234"},"modified":"2021-08-10T06:33:21","modified_gmt":"2021-08-10T04:33:21","slug":"geschichte","status":"publish","type":"page","link":"https:\/\/www.ssv-senftenberg.de\/konzept\/geschichte\/","title":{"rendered":"Geschichte"},"content":{"rendered":"<h2><img loading=\"lazy\" decoding=\"async\" class=\"alignleft wp-image-203\" src=\"https:\/\/www.ssv-senftenberg.de\/konzept\/wp-content\/uploads\/2019\/03\/SSV-Logo.bmp\" alt=\"\" width=\"101\" height=\"101\" \/>100 Jahre Schwimmsport in Senftenberg<\/h2>\n<div align=\"left\">\n<p>Am 29.11.2004 wurde in Senftenberg der \u201eSchwimmsportverein Senftenberg\u201c in einer feierlichen Mitgliederversammlung gegr\u00fcndet.<br \/>\nDamit wird die seit 1921 w\u00e4hrende Schwimmsportgeschichte Senftenbergs mit einem historischen Datum fortgeschrieben. Diese begann im Jahr 1921, als am 17.04.1921 der<br \/>\n\u201eArbeiter -Wassersport \u2013 Verein Senftenberg&#8220; ins Leben gerufen wurde. Nach dem 2.Weltkrieg etablierten sich in der ehemaligen DDR, so auch in Brieske und Senftenberg, Betriebssportgemeinschaften (BSG), in welcher sich in den f\u00fcnfziger Jahren die schwimmsportbegeisterten Senftenberger wieder zusammenfanden. Im Jahr 1990 wurde die bis dahin bestehende Sektion Schwimmen der \u201eBSG Aktivist Brieske Senftenberg\u201c Sektion des neu gegr\u00fcndeten Sportvereins SV Senftenberg e.V.<\/p>\n<p>Mit der Gr\u00fcndung ihres Schwimmsportvereines im Jahr 2004 wagten die 170 Schwimmer der Sektion Schwimmen des SV Senftenberg nach nunmehr \u00fcber 50 Jahren wieder den Schritt in die rechtliche Selbst\u00e4ndigkeit mit dem Ziel, den Schwimmsport zu f\u00f6rdern und sich insbesondere auch dem Freizeit- und Breitensport zu widmen. Nicht zuletzt bezweckt der Verein die Pflege und F\u00f6rderung der allgemeinen Jugendarbeit sowie die Bewahrung und Pflege der Tradition des am 17.04.1921 gegr\u00fcndeten \u201eArbeiter Wassersport \u2013 Vereines Senftenberg.\u201c<\/p>\n<p>Auch wenn die Namen des Senftenberger Schwimmsports \u00fcber die 9 Jahrzehnte wechselten, sehen sich die Schwimmer dennoch in der Tradition des \u201eArbeiter Wassersportvereines Senftenberg&#8220; von 1921. Eine umfangreiche und historisch wertvolle, mittlerweile 34 b\u00e4ndige Chronik gibt Zeugnis ab von dieser Entwicklung.<\/p>\n<p>Der SSV hat derzeit 150 Mitglieder, davon 120 Jugendliche (von 6-18 Jahre) und 30 Masters (von 19-80 Jahre).<br \/>\n140 von ihnen trainieren regelm\u00e4\u00dfig in 6 Trainingsgruppen 2 x die Woche unter Anleitung von 15 Trainern<br \/>\n(davon sind 10 lizenzierte Trainer).<br \/>\nAlle Trainer arbeiten ehrenamtlich, im Jahr stehen sie im Durchschnitt 80 Stunden am Beckenrand, fahren<br \/>\nmit ihren Trainingsgruppen zu ca. 15 Wettk\u00e4mpfen und unterst\u00fctzen den Verein als Wettkampfrichter.<br \/>\nMit ihrer Teilnahme an nationalen und internationalen Wettk\u00e4mpfen in Berlin, Sachsen, Brandenburg,<br \/>\nTh\u00fcringen, Mecklenburg-Vorpommern, Bayern, Nordrhein Westfahlen, Bremen, Kanada, Spanien, Russland,\u00a0Gro\u00dfbritannien und S\u00fcdkorea repr\u00e4sentieren die Sportler des Vereins die Stadt Senftenberg sehr erfolgreich.<\/p>\n<h3><strong>Abriss der H\u00f6hepunkte im Vereinsleben<\/strong><\/h3>\n<p>17.04.1921\u00a0\u00a0\u00a0\u00a0\u00a0\u00a0\u00a0 Gr\u00fcndung des \u201eArbeiter -Wassersport \u2013 Vereines Senftenberg\u201c<br \/>\n12.03.1923\u00a0\u00a0\u00a0\u00a0\u00a0\u00a0 Umbenennung in den \u201eVerein f\u00fcr volkst\u00fcmlichen Wassersport\u201c<br \/>\n1925\u00a0\u00a0\u00a0\u00a0\u00a0\u00a0\u00a0\u00a0\u00a0\u00a0\u00a0\u00a0\u00a0\u00a0\u00a0\u00a0\u00a0\u00a0\u00a0 Teilnahme an der Arbeiter Olympiade in Frankfurt\/Main<br \/>\n16.03.1934\u00a0\u00a0\u00a0\u00a0\u00a0 Aufnahme in den Deutschen Schwimmverband (DSV)<br \/>\n1950\u00a0\u00a0\u00a0\u00a0\u00a0\u00a0\u00a0\u00a0\u00a0\u00a0\u00a0\u00a0\u00a0\u00a0\u00a0\u00a0\u00a0\u00a0 BSG (Betriebssportgemeinschaft) \u201eVorw\u00e4rts Senftenberg\u201c<br \/>\n1960\u00a0\u00a0\u00a0\u00a0\u00a0\u00a0\u00a0\u00a0\u00a0\u00a0\u00a0\u00a0\u00a0\u00a0\u00a0\u00a0\u00a0\u00a0 BSG \u201eAktivist\u201c Senftenberg, Sektion Schwimmen<br \/>\n07.10.1970\u00a0\u00a0\u00a0\u00a0\u00a0 Senftenbergs Schwimmhalle wird er\u00f6ffnet<br \/>\n70er\u00a0\u00a0\u00a0\u00a0\u00a0\u00a0\u00a0\u00a0\u00a0\u00a0\u00a0\u00a0\u00a0\u00a0\u00a0\u00a0\u00a0\u00a0\u00a0 BSG \u201eAktivist Brieske-Senftenberg\u201c, Sektion Schwimmen<br \/>\n1976\u00a0\u00a0\u00a0\u00a0\u00a0\u00a0\u00a0\u00a0\u00a0\u00a0\u00a0\u00a0\u00a0\u00a0\u00a0\u00a0\u00a0\u00a0 Dynamo Senftenberg und BSG \u201eAktivist Brieske-Senftenberg\u201c<br \/>\n1990\u00a0\u00a0\u00a0\u00a0\u00a0\u00a0\u00a0\u00a0\u00a0\u00a0\u00a0\u00a0\u00a0\u00a0\u00a0\u00a0\u00a0\u00a0 Sektion Schwimmen des \u201eSV Senftenberg e.V.\u201c<br \/>\n1997\u00a0\u00a0\u00a0\u00a0\u00a0\u00a0\u00a0\u00a0\u00a0\u00a0\u00a0\u00a0\u00a0\u00a0\u00a0\u00a0\u00a0\u00a0\u00a0EM Teilnahme der Masters in Prag<br \/>\n1999\u00a0\u00a0\u00a0\u00a0\u00a0\u00a0\u00a0\u00a0\u00a0\u00a0\u00a0\u00a0\u00a0\u00a0\u00a0\u00a0\u00a0 \u00a0EM Teilnahme der Masters in Innsbruck<br \/>\n2000\u00a0\u00a0\u00a0\u00a0\u00a0\u00a0\u00a0\u00a0\u00a0\u00a0\u00a0\u00a0\u00a0\u00a0\u00a0\u00a0\u00a0 WM Teilnahme der Masters in M\u00fcnchen<br \/>\n2001\u00a0\u00a0\u00a0\u00a0\u00a0\u00a0\u00a0\u00a0\u00a0\u00a0\u00a0\u00a0\u00a0\u00a0\u00a0\u00a0\u00a0\u00a0 EM Teilnahme der Masters in Mallorca<br \/>\n29.11.2004\u00a0\u00a0\u00a0\u00a0\u00a0 Gr\u00fcndung des Schwimmsportvereines SFB<br \/>\n2005\u00a0\u00a0\u00a0\u00a0\u00a0\u00a0\u00a0\u00a0\u00a0\u00a0\u00a0\u00a0\u00a0\u00a0\u00a0\u00a0\u00a0 EM Teilnahme der Masters in Stockholm<br \/>\n17.04.2006\u00a0\u00a0\u00a0\u00a0 85 Jahre Schwimmsport in Senftenberg<br \/>\n2007\u00a0\u00a0\u00a0\u00a0\u00a0\u00a0\u00a0\u00a0\u00a0\u00a0\u00a0\u00a0\u00a0\u00a0\u00a0\u00a0\u00a0 EM Teilnahme der Masters in Kranj<br \/>\n2009\u00a0\u00a0\u00a0\u00a0\u00a0\u00a0\u00a0\u00a0\u00a0\u00a0\u00a0\u00a0 \u00a0\u00a0\u00a0\u00a0 EM Teilnahme der Masters in Cadiz<\/p>\n<p>2010\u00a0\u00a0\u00a0\u00a0\u00a0\u00a0\u00a0\u00a0\u00a0\u00a0\u00a0\u00a0\u00a0\u00a0\u00a0\u00a0\u00a0 WM Teilnahme der Masters in G\u00f6teborg<br \/>\n2011\u00a0\u00a0\u00a0\u00a0\u00a0\u00a0\u00a0\u00a0\u00a0\u00a0\u00a0\u00a0\u00a0\u00a0\u00a0\u00a0\u00a0\u00a0 EM Teilnahme der Masters in Jalta<br \/>\n17.04.2011\u00a0\u00a0\u00a0\u00a0\u00a0 90 Jahre Schwimmsport in Senftenberg<br \/>\n2012\u00a0\u00a0\u00a0\u00a0\u00a0\u00a0\u00a0\u00a0\u00a0\u00a0\u00a0\u00a0\u00a0\u00a0\u00a0\u00a0\u00a0 WM Teilnahme der Masters in Riccione<br \/>\n2013\u00a0\u00a0\u00a0\u00a0\u00a0\u00a0\u00a0\u00a0\u00a0\u00a0\u00a0\u00a0 \u00a0\u00a0\u00a0\u00a0 Teilnahme an der Masters Olympiade in Turin<br \/>\n2013\u00a0\u00a0\u00a0\u00a0\u00a0\u00a0\u00a0\u00a0\u00a0\u00a0\u00a0\u00a0\u00a0\u00a0\u00a0\u00a0\u00a0 EM Teilnahme der Masters in Eindhoven<br \/>\n2014\u00a0\u00a0\u00a0\u00a0\u00a0\u00a0\u00a0\u00a0\u00a0\u00a0\u00a0 \u00a0\u00a0\u00a0 \u00a0 WM Teilnahme der Masters in Montreal<br \/>\n2015\u00a0\u00a0\u00a0\u00a0\u00a0\u00a0\u00a0\u00a0\u00a0\u00a0\u00a0\u00a0\u00a0\u00a0\u00a0\u00a0\u00a0 WM Teilnahme der Masters in Kasan<br \/>\n2016\u00a0\u00a0\u00a0\u00a0\u00a0\u00a0\u00a0\u00a0\u00a0\u00a0\u00a0\u00a0\u00a0\u00a0\u00a0\u00a0\u00a0 EM Teilnahme der Masters in London<br \/>\n17.04.2016\u00a0\u00a0\u00a0\u00a0 95 Jahre Schwimmsport in Senftenberg<br \/>\n2018\u00a0\u00a0\u00a0\u00a0\u00a0\u00a0\u00a0\u00a0\u00a0\u00a0\u00a0\u00a0\u00a0\u00a0\u00a0\u00a0\u00a0 EM Teilnahme der Masters in Kranje<\/p>\n<p>2019\u00a0\u00a0\u00a0\u00a0\u00a0\u00a0\u00a0\u00a0\u00a0\u00a0\u00a0\u00a0\u00a0\u00a0\u00a0\u00a0\u00a0 WM Teilnahme der Masters in Gwangju\u00a0\u00a0\u00a0\u00a0\u00a0\u00a0\u00a0\u00a0\u00a0\u00a0\u00a0\u00a0\u00a0\u00a0\u00a0\u00a0\u00a0\u00a0\u00a0\u00a0\u00a0\u00a0\u00a0\u00a0\u00a0\u00a0\u00a0\u00a0\u00a0\u00a0\u00a0\u00a0\u00a0\u00a0\u00a0\u00a0\u00a0\u00a0\u00a0\u00a0\u00a0\u00a0\u00a0\u00a0\u00a0\u00a0\u00a0\u00a0\u00a0\u00a0\u00a0\u00a0\u00a0\u00a0\u00a0\u00a0\u00a0\u00a0\u00a0\u00a0\u00a0\u00a0\u00a0\u00a0\u00a0\u00a0\u00a0\u00a0\u00a0\u00a0\u00a0\u00a0\u00a0 2019\u00a0\u00a0\u00a0\u00a0\u00a0\u00a0\u00a0\u00a0\u00a0\u00a0\u00a0\u00a0\u00a0\u00a0\u00a0\u00a0\u00a0\u00a0 Teilnahme an den Deutschen Kurzbahnmeisterschaften in Berlin<\/p>\n<p>Unser Vereinsleben besteht nicht nur aus dem Schwimmen, so k\u00f6nnen unsere Schwimmer mit dem Schlauchboot durch die Schwimmhalle paddeln, sich beim Volleyballturnier erproben, ihre Ausdauer und Wissen beim Gel\u00e4ndespiel unter Beweis stellen, beim allj\u00e4hrlichen Jugendtreffen des LSV BB<br \/>\nKontakte zu anderen Vereinen kn\u00fcpfen und das Trainingsjahr mit dem Weihnachtsmann auf der Eisbahn beschlie\u00dfen.<br \/>\nUnser Verein m\u00f6chte unseren Jugendlichen nicht nur die Technik des Schwimmens vermitteln, sondern sie auch zu ehrgeizigen, selbstbewussten und nat\u00fcrlich leistungsstarken Menschen erziehen.<\/p>\n<\/div>\n","protected":false},"excerpt":{"rendered":"<p>100 Jahre Schwimmsport in Senftenberg Am 29.11.2004 wurde in Senftenberg der \u201eSchwimmsportverein Senftenberg\u201c in einer feierlichen Mitgliederversammlung gegr\u00fcndet. Damit wird die seit 1921 w\u00e4hrende Schwimmsportgeschichte Senftenbergs mit einem historischen Datum fortgeschrieben. Diese begann im Jahr 1921, als am 17.04.1921 der \u201eArbeiter -Wassersport \u2013 Verein Senftenberg&#8220; ins Leben gerufen wurde. Nach dem 2.Weltkrieg etablierten sich in &hellip; <\/p>\n<p class=\"link-more\"><a href=\"https:\/\/www.ssv-senftenberg.de\/konzept\/geschichte\/\" class=\"more-link\"><span class=\"screen-reader-text\">\u201eGeschichte\u201c <\/span>weiterlesen<\/a><\/p>\n","protected":false},"author":5,"featured_media":0,"parent":0,"menu_order":0,"comment_status":"closed","ping_status":"closed","template":"","meta":{"footnotes":""},"class_list":["post-234","page","type-page","status-publish","hentry"],"_links":{"self":[{"href":"https:\/\/www.ssv-senftenberg.de\/konzept\/wp-json\/wp\/v2\/pages\/234","targetHints":{"allow":["GET"]}}],"collection":[{"href":"https:\/\/www.ssv-senftenberg.de\/konzept\/wp-json\/wp\/v2\/pages"}],"about":[{"href":"https:\/\/www.ssv-senftenberg.de\/konzept\/wp-json\/wp\/v2\/types\/page"}],"author":[{"embeddable":true,"href":"https:\/\/www.ssv-senftenberg.de\/konzept\/wp-json\/wp\/v2\/users\/5"}],"replies":[{"embeddable":true,"href":"https:\/\/www.ssv-senftenberg.de\/konzept\/wp-json\/wp\/v2\/comments?post=234"}],"version-history":[{"count":28,"href":"https:\/\/www.ssv-senftenberg.de\/konzept\/wp-json\/wp\/v2\/pages\/234\/revisions"}],"predecessor-version":[{"id":5228,"href":"https:\/\/www.ssv-senftenberg.de\/konzept\/wp-json\/wp\/v2\/pages\/234\/revisions\/5228"}],"wp:attachment":[{"href":"https:\/\/www.ssv-senftenberg.de\/konzept\/wp-json\/wp\/v2\/media?parent=234"}],"curies":[{"name":"wp","href":"https:\/\/api.w.org\/{rel}","templated":true}]}}