{"id":263,"date":"2019-03-10T16:33:40","date_gmt":"2019-03-10T15:33:40","guid":{"rendered":"https:\/\/www.ssv-senftenberg.de\/konzept\/?page_id=263"},"modified":"2022-06-16T16:32:58","modified_gmt":"2022-06-16T14:32:58","slug":"sponsoren","status":"publish","type":"page","link":"https:\/\/www.ssv-senftenberg.de\/konzept\/sponsoren\/","title":{"rendered":"Sponsoren"},"content":{"rendered":"<h3><strong>Sponsor werden, warum und wie<\/strong><\/h3>\r\n<div class=\"\" data-block=\"true\" data-editor=\"23iuq\" data-offset-key=\"d8ptg-0-0\">\r\n<div class=\"public-DraftStyleDefault-block public-DraftStyleDefault-ltr\" data-offset-key=\"d8ptg-0-0\"><span data-offset-key=\"d8ptg-0-0\">Seit \u00fcber 100 Jahren beheimatet unser Verein schwimmbegeisterte Sportler jeden Alters. 17 ehrenamtlich arbeitende Trainer und Helfer sichern <\/span><span style=\"font-size: 1rem;\">Woche f\u00fcr Woche das Training von 150 Aktiven ab. <\/span><span style=\"font-size: 1rem;\" data-offset-key=\"b1mcm-0-0\">Unsere Sportangebote reichen vom <\/span><span id=\"decorator-corrected-entity-id-2\" style=\"font-size: 1rem;\" data-entity-key=\"2\" data-offset-key=\"b1mcm-1-0\"><span data-offset-key=\"b1mcm-1-0\">Anf\u00e4ngerschwimmen \u00fcber<\/span><\/span><span style=\"font-size: 1rem;\" data-offset-key=\"b1mcm-2-0\"> Breiten- und Wettkampfsport f\u00fcr alle Altersgruppen. <\/span><\/div>\r\n<div data-offset-key=\"d8ptg-0-0\">\u00a0<\/div>\r\n<div class=\"public-DraftStyleDefault-block public-DraftStyleDefault-ltr\" data-offset-key=\"d8ptg-0-0\"><span style=\"font-size: 1rem;\">Um ein qualitativ hochwertiges Training anzubieten, erhalten alle Trainer eine fundierte Ausbildung beim Brandenburger Schwimmverband und haben<\/span><\/div>\r\n<\/div>\r\n<div class=\"\" data-block=\"true\" data-editor=\"23iuq\" data-offset-key=\"4b1v3-0-0\">\r\n<div class=\"public-DraftStyleDefault-block public-DraftStyleDefault-ltr\" data-offset-key=\"4b1v3-0-0\"><span data-offset-key=\"4b1v3-0-0\">Qualifikationen als B- oder C-Trainer. Viele Jugendliche werden von der Begeisterung angesteckt und engagieren sich als Helfer in den Jugendgruppen, <\/span><span style=\"font-size: 1rem;\">um dann schrittweise mit der entsprechenden Ausbildung zu beginnen.<\/span><\/div>\r\n<\/div>\r\n<div class=\"\" data-block=\"true\" data-editor=\"23iuq\" data-offset-key=\"afv11-0-0\">\r\n<div data-offset-key=\"afv11-0-0\">\u00a0<\/div>\r\n<div class=\"public-DraftStyleDefault-block public-DraftStyleDefault-ltr\" data-offset-key=\"afv11-0-0\"><span data-offset-key=\"afv11-0-0\">Unsere erfolgreichen Masters fehlen bei keiner Deutschen Meisterschaft, Europameisterschaft oder gar Weltmeisterschaft.<\/span><\/div>\r\n<div data-offset-key=\"afv11-0-0\">\u00a0<\/div>\r\n<\/div>\r\n<p>Dies alles erfordert viel Engagement und Herzblut der ehrenamtlichen Mitstreiter. Doch Engagement allein reicht nicht immer aus.<br \/>Auch finanziell sind in unserem Verein gewaltige Aufgaben zu stemmen. So m\u00fcssen immer wieder Schwimm-Materialien (Bretter, Schwimmhilfen, \u2026)<br \/>ersetzt werden, f\u00fcr unsere eigenen Veranstaltungen werden Pokale, Medaillen und Sachpreise ben\u00f6tigt. Wettkampffahrten und Trainingslager m\u00fcssen finanziert werden,<br \/>letztlich m\u00fcssen auch die Wasserfl\u00e4chen bezahlt werden.<\/p>\r\n<p>Haben wir vielleicht auch Ihr Interesse geweckt? K\u00f6nnten Sie sich ein Sponsoring vorstellen?<\/p>\r\n<p>Kontaktieren Sie uns \u00fcber das unter\u00a0 &#8220; Kontakte &#8220; liegende Kontaktformular!<\/p>\r\n<p><strong>Unsere aktuellen Sponsoren:<\/strong><\/p>\r\n<ul>\r\n<li><a href=\"http:\/\/www.zweckverband-lsb.de\/de.html\" target=\"_blank\" rel=\"noopener noreferrer\">Zweckverband Lausitzer Seenland Brandenburg<\/a><\/li>\r\n<\/ul>\r\n<p>Vielen Dank an unsere Sponsoren f\u00fcr Ihre Unterst\u00fctzung.<\/p>\r\n\r\n<p>&nbsp;<\/p>\r\n","protected":false},"excerpt":{"rendered":"<p>Sponsor werden, warum und wie Seit \u00fcber 100 Jahren beheimatet unser Verein schwimmbegeisterte Sportler jeden Alters. 17 ehrenamtlich arbeitende Trainer und Helfer sichern Woche f\u00fcr Woche das Training von 150 Aktiven ab. Unsere Sportangebote reichen vom Anf\u00e4ngerschwimmen \u00fcber Breiten- und Wettkampfsport f\u00fcr alle Altersgruppen. \u00a0 Um ein qualitativ hochwertiges Training anzubieten, erhalten alle Trainer eine &hellip; <\/p>\n<p class=\"link-more\"><a href=\"https:\/\/www.ssv-senftenberg.de\/konzept\/sponsoren\/\" class=\"more-link\"><span class=\"screen-reader-text\">\u201eSponsoren\u201c <\/span>weiterlesen<\/a><\/p>\n","protected":false},"author":5,"featured_media":0,"parent":0,"menu_order":0,"comment_status":"closed","ping_status":"closed","template":"","meta":{"footnotes":""},"class_list":["post-263","page","type-page","status-publish","hentry"],"_links":{"self":[{"href":"https:\/\/www.ssv-senftenberg.de\/konzept\/wp-json\/wp\/v2\/pages\/263","targetHints":{"allow":["GET"]}}],"collection":[{"href":"https:\/\/www.ssv-senftenberg.de\/konzept\/wp-json\/wp\/v2\/pages"}],"about":[{"href":"https:\/\/www.ssv-senftenberg.de\/konzept\/wp-json\/wp\/v2\/types\/page"}],"author":[{"embeddable":true,"href":"https:\/\/www.ssv-senftenberg.de\/konzept\/wp-json\/wp\/v2\/users\/5"}],"replies":[{"embeddable":true,"href":"https:\/\/www.ssv-senftenberg.de\/konzept\/wp-json\/wp\/v2\/comments?post=263"}],"version-history":[{"count":18,"href":"https:\/\/www.ssv-senftenberg.de\/konzept\/wp-json\/wp\/v2\/pages\/263\/revisions"}],"predecessor-version":[{"id":6280,"href":"https:\/\/www.ssv-senftenberg.de\/konzept\/wp-json\/wp\/v2\/pages\/263\/revisions\/6280"}],"wp:attachment":[{"href":"https:\/\/www.ssv-senftenberg.de\/konzept\/wp-json\/wp\/v2\/media?parent=263"}],"curies":[{"name":"wp","href":"https:\/\/api.w.org\/{rel}","templated":true}]}}