{"id":30,"date":"2019-02-14T15:27:13","date_gmt":"2019-02-14T14:27:13","guid":{"rendered":"https:\/\/www.ssv-senftenberg.de\/konzept\/?page_id=30"},"modified":"2023-12-05T21:29:33","modified_gmt":"2023-12-05T20:29:33","slug":"unser-verein","status":"publish","type":"page","link":"https:\/\/www.ssv-senftenberg.de\/konzept\/unser-verein\/","title":{"rendered":"Willkommen auf der Webseite des Senftenberger Schwimmvereins"},"content":{"rendered":"<div class=\"einleitung\">\r\n<p><img loading=\"lazy\" decoding=\"async\" class=\"alignnone size-full wp-image-6498\" src=\"https:\/\/www.ssv-senftenberg.de\/konzept\/wp-content\/uploads\/2022\/07\/fd3a29be-27ae-44e4-a959-1c9d0dc4e0d3.jpg\" alt=\"\" width=\"1024\" height=\"768\" srcset=\"https:\/\/www.ssv-senftenberg.de\/konzept\/wp-content\/uploads\/2022\/07\/fd3a29be-27ae-44e4-a959-1c9d0dc4e0d3.jpg 1024w, https:\/\/www.ssv-senftenberg.de\/konzept\/wp-content\/uploads\/2022\/07\/fd3a29be-27ae-44e4-a959-1c9d0dc4e0d3-300x225.jpg 300w, https:\/\/www.ssv-senftenberg.de\/konzept\/wp-content\/uploads\/2022\/07\/fd3a29be-27ae-44e4-a959-1c9d0dc4e0d3-768x576.jpg 768w\" sizes=\"auto, (max-width: 767px) 89vw, (max-width: 1000px) 54vw, (max-width: 1071px) 543px, 580px\" \/><\/p>\r\n<\/div>\r\n<p><strong>Warum Schwimmen beim SSV Seftenberg e.V.?<\/strong><br \/>Schwimmen ist nicht nur eine beliebte Freizeitaktivit\u00e4t, sondern auch ein wichtiger Bestandteil der k\u00f6rperlichen Fitness und Sicherheit im Wasser. Durch eine Mitgliedschaft in unserem Schwimmverein hast du die M\u00f6glichkeit, deine Schwimmf\u00e4higkeiten zu verbessern, neue Techniken zu erlernen und an Wettk\u00e4mpfen teilzunehmen. Dar\u00fcber hinaus bieten wir dir ein soziales Umfeld, in dem du Gleichgesinnte treffen und neue Freundschaften kn\u00fcpfen kannst.<\/p>\r\n<p><strong>Unser Angebot:<\/strong><br \/>Unser Schwimmverein bietet verschiedene Trainingsgruppen f\u00fcr alle Alters- und Leistungsstufen an. Egal ob Anf\u00e4nger oder Fortgeschrittener, bei uns findet jeder die passende Gruppe. Unsere qualifizierten Trainer stehen dir zur Seite und unterst\u00fctzen dich dabei, deine Ziele zu erreichen. Neben dem regelm\u00e4\u00dfigen Training organisieren wir auch gemeinsame Ausfl\u00fcge, Trainingslager und gesellige Veranstaltungen.<\/p>\r\n<p><strong><em>!\u00a0 <a href=\"https:\/\/www.ssv-senftenberg.de\/konzept\/dehnungen-und-schwimmtechniktraining-fuer-zu-hause\/\">Videos<\/a> mit \u00dcbungen zum Muskelaufbau, Dehnungen und Schwimmtechniken<\/em><\/strong><\/p>\r\n<p><strong>Elternfibel &#8211; Eine wertvolle Ressource:<\/strong><br \/>F\u00fcr Eltern, deren Kinder Mitglieder unseres Schwimmvereins sind oder Interesse am Schwimmen haben, m\u00f6chten wir die Webseite <a href=\"https:\/\/elternfibel.de\/\">Elternfibel <\/a>empfehlen. Hier findet ihr eine umfangreiche Sammlung von Informationen, Tipps und Ratschl\u00e4gen rund um das Thema Schwimmen f\u00fcr Kinder. Von der Wahl des richtigen Schwimmkurses bis hin zur F\u00f6rderung der Sicherheit im Wasser bietet die Elternfibel wertvolle Unterst\u00fctzung.<\/p>\r\n<p><strong>Mitglied werden:<\/strong><br \/>Wenn du Interesse daran hast, Mitglied in unserem Schwimmverein zu werden oder weitere Informationen ben\u00f6tigst, dann kontaktiere uns gern unter info@ssv-senftenberg.de.\u00a0<\/p>\r\n<p><strong>Trainingszeiten:<\/strong><br \/>Die Trainingszeiten findest du auch auf unserer Homepage <a href=\"https:\/\/www.ssv-senftenberg.de\/konzept\/trainingsgruppen-und-trainingszeiten\">Trainingszeiten.<\/a><\/p>\r\n<p><strong>Fazit:<\/strong><br \/>Schwimmen in unserem Verein bietet zahlreiche Vorteile f\u00fcr Menschen jeden Alters. Neben der Verbesserung der Schwimmf\u00e4higkeiten und der Teilnahme an Wettk\u00e4mpfen bietet wir dir ein soziales Umfeld und die M\u00f6glichkeit, neue Freundschaften zu kn\u00fcpfen. Jetzt anmelden unter info@ssv-senftenberg.de.<\/p>\r\n<p>Wir freuen uns darauf, dich bald in unserem Schwimmverein begr\u00fc\u00dfen zu d\u00fcrfen!<\/p>\r\n<p><strong>Der Vorstand<\/strong><br \/><em>SSV Senftenberg e.V.<\/em><\/p>\r\n<p>&nbsp;<\/p>\r\n<p><em><strong>Superhelden mit Schwimmfl\u00fcgeln gesucht!<\/strong><\/em><\/p>\r\n<p><img loading=\"lazy\" decoding=\"async\" class=\"alignnone size-full wp-image-8027\" src=\"https:\/\/www.ssv-senftenberg.de\/konzept\/wp-content\/uploads\/2023\/09\/IMG-20230904-WA0012.jpg\" alt=\"\" width=\"1024\" height=\"768\" srcset=\"https:\/\/www.ssv-senftenberg.de\/konzept\/wp-content\/uploads\/2023\/09\/IMG-20230904-WA0012.jpg 1024w, https:\/\/www.ssv-senftenberg.de\/konzept\/wp-content\/uploads\/2023\/09\/IMG-20230904-WA0012-300x225.jpg 300w, https:\/\/www.ssv-senftenberg.de\/konzept\/wp-content\/uploads\/2023\/09\/IMG-20230904-WA0012-768x576.jpg 768w\" sizes=\"auto, (max-width: 767px) 89vw, (max-width: 1000px) 54vw, (max-width: 1071px) 543px, 580px\" \/><\/p>\r\n<p>Wir suchen nach talentierten Trainern, auch ohne Ausbildung, die bereit sind, mit uns das Wasser zu erobern und unsere Schwimmerinnen und Schwimmer zu wahren Meeresg\u00f6ttern zu machen. Bist du bereit f\u00fcr das Abenteuer deines Lebens? Dann schnapp dir deine Badehose oder deinen Badeanzug und schicke uns eine kurze Bewerbung an info@ssv-senftenberg,de. Gemeinsam werden wir die Schwimmwelt auf den Kopf stellen!<\/p>\r\n<p>(mehr dazu findet ihr unter dem Punkt\u00a0 <strong>Trainer \/ Wettkampfrichter\u00a0 werden<\/strong>)<\/p>\r\n<p>&nbsp;<\/p>\r\n<p>&nbsp;<\/p>\r\n\r\n<p>&nbsp;<\/p>\r\n","protected":false},"excerpt":{"rendered":"<p>Warum Schwimmen beim SSV Seftenberg e.V.?Schwimmen ist nicht nur eine beliebte Freizeitaktivit\u00e4t, sondern auch ein wichtiger Bestandteil der k\u00f6rperlichen Fitness und Sicherheit im Wasser. Durch eine Mitgliedschaft in unserem Schwimmverein hast du die M\u00f6glichkeit, deine Schwimmf\u00e4higkeiten zu verbessern, neue Techniken zu erlernen und an Wettk\u00e4mpfen teilzunehmen. Dar\u00fcber hinaus bieten wir dir ein soziales Umfeld, in &hellip; <\/p>\n<p class=\"link-more\"><a href=\"https:\/\/www.ssv-senftenberg.de\/konzept\/unser-verein\/\" class=\"more-link\"><span class=\"screen-reader-text\">\u201eWillkommen auf der Webseite des Senftenberger Schwimmvereins\u201c <\/span>weiterlesen<\/a><\/p>\n","protected":false},"author":5,"featured_media":0,"parent":0,"menu_order":0,"comment_status":"closed","ping_status":"closed","template":"","meta":{"footnotes":""},"class_list":["post-30","page","type-page","status-publish","hentry"],"_links":{"self":[{"href":"https:\/\/www.ssv-senftenberg.de\/konzept\/wp-json\/wp\/v2\/pages\/30","targetHints":{"allow":["GET"]}}],"collection":[{"href":"https:\/\/www.ssv-senftenberg.de\/konzept\/wp-json\/wp\/v2\/pages"}],"about":[{"href":"https:\/\/www.ssv-senftenberg.de\/konzept\/wp-json\/wp\/v2\/types\/page"}],"author":[{"embeddable":true,"href":"https:\/\/www.ssv-senftenberg.de\/konzept\/wp-json\/wp\/v2\/users\/5"}],"replies":[{"embeddable":true,"href":"https:\/\/www.ssv-senftenberg.de\/konzept\/wp-json\/wp\/v2\/comments?post=30"}],"version-history":[{"count":334,"href":"https:\/\/www.ssv-senftenberg.de\/konzept\/wp-json\/wp\/v2\/pages\/30\/revisions"}],"predecessor-version":[{"id":8121,"href":"https:\/\/www.ssv-senftenberg.de\/konzept\/wp-json\/wp\/v2\/pages\/30\/revisions\/8121"}],"wp:attachment":[{"href":"https:\/\/www.ssv-senftenberg.de\/konzept\/wp-json\/wp\/v2\/media?parent=30"}],"curies":[{"name":"wp","href":"https:\/\/api.w.org\/{rel}","templated":true}]}}