{"id":3069,"date":"2019-05-12T17:28:26","date_gmt":"2019-05-12T15:28:26","guid":{"rendered":"https:\/\/www.ssv-senftenberg.de\/konzept\/?page_id=3069"},"modified":"2020-12-31T03:15:59","modified_gmt":"2020-12-31T02:15:59","slug":"vereinsgalerie-2019","status":"publish","type":"page","link":"https:\/\/www.ssv-senftenberg.de\/konzept\/vereinsgalerie\/vereinsgalerie-2019\/","title":{"rendered":"Vereinsgalerie 2019"},"content":{"rendered":"<h1 id=\"nachOben\">Bilder-Archiv<\/h1>\n<p style=\"padding-left: 30px;\">&#8211; <a href=\"#Talentewettkampf2019\">Talentewettkampf Cottbus 2019<\/a><br \/>\n&#8211; <a href=\"#H\u00fcttenpokal2019\">Eisenh\u00fcttenst\u00e4dter Schwimm &#8211; Meeting 2019<\/a><br \/>\n&#8211; <a href=\"#StadtVereinsmeister2019\">Stadtmeisterschaft Kurze Strecke 2019<\/a><\/p>\n<h1 id=\"H\u00fcttenpokal2019\">Eisenh\u00fcttenst\u00e4dter Schwimm &#8211; Meeting 2019<\/h1>\n<hr \/>\n<div id='gallery-1' class='gallery galleryid-3069 gallery-columns-3 gallery-size-thumbnail'><figure class='gallery-item'>\n\t\t\t<div class='gallery-icon landscape'>\n\t\t\t\t<a href='https:\/\/www.ssv-senftenberg.de\/konzept\/wp-content\/uploads\/2020\/12\/20190525_115530-scaled-e1609380915367.jpg'><img loading=\"lazy\" decoding=\"async\" width=\"150\" height=\"150\" src=\"https:\/\/www.ssv-senftenberg.de\/konzept\/wp-content\/uploads\/2020\/12\/20190525_115530-150x150.jpg\" class=\"attachment-thumbnail size-thumbnail\" alt=\"\" srcset=\"https:\/\/www.ssv-senftenberg.de\/konzept\/wp-content\/uploads\/2020\/12\/20190525_115530-150x150.jpg 150w, https:\/\/www.ssv-senftenberg.de\/konzept\/wp-content\/uploads\/2020\/12\/20190525_115530-100x100.jpg 100w\" sizes=\"auto, 100vw\" \/><\/a>\n\t\t\t<\/div><\/figure><figure class='gallery-item'>\n\t\t\t<div class='gallery-icon landscape'>\n\t\t\t\t<a href='https:\/\/www.ssv-senftenberg.de\/konzept\/wp-content\/uploads\/2020\/12\/P1000202-scaled-e1609380934473.jpg'><img loading=\"lazy\" decoding=\"async\" width=\"150\" height=\"150\" src=\"https:\/\/www.ssv-senftenberg.de\/konzept\/wp-content\/uploads\/2020\/12\/P1000202-150x150.jpg\" class=\"attachment-thumbnail size-thumbnail\" alt=\"\" srcset=\"https:\/\/www.ssv-senftenberg.de\/konzept\/wp-content\/uploads\/2020\/12\/P1000202-150x150.jpg 150w, https:\/\/www.ssv-senftenberg.de\/konzept\/wp-content\/uploads\/2020\/12\/P1000202-100x100.jpg 100w\" sizes=\"auto, 100vw\" \/><\/a>\n\t\t\t<\/div><\/figure><figure class='gallery-item'>\n\t\t\t<div class='gallery-icon landscape'>\n\t\t\t\t<a href='https:\/\/www.ssv-senftenberg.de\/konzept\/wp-content\/uploads\/2020\/12\/P1000203-scaled-e1609380945102.jpg'><img loading=\"lazy\" decoding=\"async\" width=\"150\" height=\"150\" src=\"https:\/\/www.ssv-senftenberg.de\/konzept\/wp-content\/uploads\/2020\/12\/P1000203-150x150.jpg\" class=\"attachment-thumbnail size-thumbnail\" alt=\"\" srcset=\"https:\/\/www.ssv-senftenberg.de\/konzept\/wp-content\/uploads\/2020\/12\/P1000203-150x150.jpg 150w, https:\/\/www.ssv-senftenberg.de\/konzept\/wp-content\/uploads\/2020\/12\/P1000203-100x100.jpg 100w\" sizes=\"auto, 100vw\" \/><\/a>\n\t\t\t<\/div><\/figure>\n\t\t<\/div>\n\n<h1 id=\"StadtVereinsmeister2019\">Stadtmeisterschaft Kurze Strecke 2019<\/h1>\n<hr \/>\n<div id='gallery-2' class='gallery galleryid-3069 gallery-columns-3 gallery-size-thumbnail'><figure class='gallery-item'>\n\t\t\t<div class='gallery-icon landscape'>\n\t\t\t\t<a href='https:\/\/www.ssv-senftenberg.de\/konzept\/wp-content\/uploads\/2020\/12\/Stadt-und-Vereinsmeisterschaften_Riska_2019_025.jpg'><img loading=\"lazy\" decoding=\"async\" width=\"150\" height=\"150\" src=\"https:\/\/www.ssv-senftenberg.de\/konzept\/wp-content\/uploads\/2020\/12\/Stadt-und-Vereinsmeisterschaften_Riska_2019_025-150x150.jpg\" class=\"attachment-thumbnail size-thumbnail\" alt=\"\" srcset=\"https:\/\/www.ssv-senftenberg.de\/konzept\/wp-content\/uploads\/2020\/12\/Stadt-und-Vereinsmeisterschaften_Riska_2019_025-150x150.jpg 150w, https:\/\/www.ssv-senftenberg.de\/konzept\/wp-content\/uploads\/2020\/12\/Stadt-und-Vereinsmeisterschaften_Riska_2019_025-100x100.jpg 100w\" sizes=\"auto, 100vw\" \/><\/a>\n\t\t\t<\/div><\/figure><figure class='gallery-item'>\n\t\t\t<div class='gallery-icon landscape'>\n\t\t\t\t<a href='https:\/\/www.ssv-senftenberg.de\/konzept\/wp-content\/uploads\/2020\/12\/Stadt-und-Vereinsmeisterschaften_Riska_2019_001.jpg'><img loading=\"lazy\" decoding=\"async\" width=\"150\" height=\"150\" src=\"https:\/\/www.ssv-senftenberg.de\/konzept\/wp-content\/uploads\/2020\/12\/Stadt-und-Vereinsmeisterschaften_Riska_2019_001-150x150.jpg\" class=\"attachment-thumbnail size-thumbnail\" alt=\"\" srcset=\"https:\/\/www.ssv-senftenberg.de\/konzept\/wp-content\/uploads\/2020\/12\/Stadt-und-Vereinsmeisterschaften_Riska_2019_001-150x150.jpg 150w, https:\/\/www.ssv-senftenberg.de\/konzept\/wp-content\/uploads\/2020\/12\/Stadt-und-Vereinsmeisterschaften_Riska_2019_001-100x100.jpg 100w\" sizes=\"auto, 100vw\" \/><\/a>\n\t\t\t<\/div><\/figure><figure class='gallery-item'>\n\t\t\t<div class='gallery-icon landscape'>\n\t\t\t\t<a href='https:\/\/www.ssv-senftenberg.de\/konzept\/wp-content\/uploads\/2020\/12\/Stadt-und-Vereinsmeisterschaften_Riska_2019_006.jpg'><img loading=\"lazy\" decoding=\"async\" width=\"150\" height=\"150\" src=\"https:\/\/www.ssv-senftenberg.de\/konzept\/wp-content\/uploads\/2020\/12\/Stadt-und-Vereinsmeisterschaften_Riska_2019_006-150x150.jpg\" class=\"attachment-thumbnail size-thumbnail\" alt=\"\" srcset=\"https:\/\/www.ssv-senftenberg.de\/konzept\/wp-content\/uploads\/2020\/12\/Stadt-und-Vereinsmeisterschaften_Riska_2019_006-150x150.jpg 150w, https:\/\/www.ssv-senftenberg.de\/konzept\/wp-content\/uploads\/2020\/12\/Stadt-und-Vereinsmeisterschaften_Riska_2019_006-100x100.jpg 100w\" sizes=\"auto, 100vw\" \/><\/a>\n\t\t\t<\/div><\/figure><figure class='gallery-item'>\n\t\t\t<div class='gallery-icon portrait'>\n\t\t\t\t<a href='https:\/\/www.ssv-senftenberg.de\/konzept\/wp-content\/uploads\/2020\/12\/Stadt-und-Vereinsmeisterschaften_Riska_2019_016.jpg'><img loading=\"lazy\" decoding=\"async\" width=\"150\" height=\"150\" src=\"https:\/\/www.ssv-senftenberg.de\/konzept\/wp-content\/uploads\/2020\/12\/Stadt-und-Vereinsmeisterschaften_Riska_2019_016-150x150.jpg\" class=\"attachment-thumbnail size-thumbnail\" alt=\"\" srcset=\"https:\/\/www.ssv-senftenberg.de\/konzept\/wp-content\/uploads\/2020\/12\/Stadt-und-Vereinsmeisterschaften_Riska_2019_016-150x150.jpg 150w, https:\/\/www.ssv-senftenberg.de\/konzept\/wp-content\/uploads\/2020\/12\/Stadt-und-Vereinsmeisterschaften_Riska_2019_016-100x100.jpg 100w\" sizes=\"auto, 100vw\" \/><\/a>\n\t\t\t<\/div><\/figure><figure class='gallery-item'>\n\t\t\t<div class='gallery-icon landscape'>\n\t\t\t\t<a href='https:\/\/www.ssv-senftenberg.de\/konzept\/wp-content\/uploads\/2020\/12\/Stadt-und-Vereinsmeisterschaften_Riska_2019_019.jpg'><img loading=\"lazy\" decoding=\"async\" width=\"150\" height=\"150\" src=\"https:\/\/www.ssv-senftenberg.de\/konzept\/wp-content\/uploads\/2020\/12\/Stadt-und-Vereinsmeisterschaften_Riska_2019_019-150x150.jpg\" class=\"attachment-thumbnail size-thumbnail\" alt=\"\" srcset=\"https:\/\/www.ssv-senftenberg.de\/konzept\/wp-content\/uploads\/2020\/12\/Stadt-und-Vereinsmeisterschaften_Riska_2019_019-150x150.jpg 150w, https:\/\/www.ssv-senftenberg.de\/konzept\/wp-content\/uploads\/2020\/12\/Stadt-und-Vereinsmeisterschaften_Riska_2019_019-100x100.jpg 100w\" sizes=\"auto, 100vw\" \/><\/a>\n\t\t\t<\/div><\/figure><figure class='gallery-item'>\n\t\t\t<div class='gallery-icon landscape'>\n\t\t\t\t<a href='https:\/\/www.ssv-senftenberg.de\/konzept\/wp-content\/uploads\/2020\/12\/Stadt-und-Vereinsmeisterschaften_Riska_2019_018.jpg'><img loading=\"lazy\" decoding=\"async\" width=\"150\" height=\"150\" src=\"https:\/\/www.ssv-senftenberg.de\/konzept\/wp-content\/uploads\/2020\/12\/Stadt-und-Vereinsmeisterschaften_Riska_2019_018-150x150.jpg\" class=\"attachment-thumbnail size-thumbnail\" alt=\"\" srcset=\"https:\/\/www.ssv-senftenberg.de\/konzept\/wp-content\/uploads\/2020\/12\/Stadt-und-Vereinsmeisterschaften_Riska_2019_018-150x150.jpg 150w, https:\/\/www.ssv-senftenberg.de\/konzept\/wp-content\/uploads\/2020\/12\/Stadt-und-Vereinsmeisterschaften_Riska_2019_018-100x100.jpg 100w\" sizes=\"auto, 100vw\" \/><\/a>\n\t\t\t<\/div><\/figure><figure class='gallery-item'>\n\t\t\t<div class='gallery-icon landscape'>\n\t\t\t\t<a href='https:\/\/www.ssv-senftenberg.de\/konzept\/wp-content\/uploads\/2020\/12\/Stadt-und-Vereinsmeisterschaften_Riska_2019_020.jpg'><img loading=\"lazy\" decoding=\"async\" width=\"150\" height=\"150\" src=\"https:\/\/www.ssv-senftenberg.de\/konzept\/wp-content\/uploads\/2020\/12\/Stadt-und-Vereinsmeisterschaften_Riska_2019_020-150x150.jpg\" class=\"attachment-thumbnail size-thumbnail\" alt=\"\" srcset=\"https:\/\/www.ssv-senftenberg.de\/konzept\/wp-content\/uploads\/2020\/12\/Stadt-und-Vereinsmeisterschaften_Riska_2019_020-150x150.jpg 150w, https:\/\/www.ssv-senftenberg.de\/konzept\/wp-content\/uploads\/2020\/12\/Stadt-und-Vereinsmeisterschaften_Riska_2019_020-100x100.jpg 100w\" sizes=\"auto, 100vw\" \/><\/a>\n\t\t\t<\/div><\/figure><figure class='gallery-item'>\n\t\t\t<div class='gallery-icon landscape'>\n\t\t\t\t<a href='https:\/\/www.ssv-senftenberg.de\/konzept\/wp-content\/uploads\/2020\/12\/Stadt-und-Vereinsmeisterschaften_Riska_2019_021.jpg'><img loading=\"lazy\" decoding=\"async\" width=\"150\" height=\"150\" src=\"https:\/\/www.ssv-senftenberg.de\/konzept\/wp-content\/uploads\/2020\/12\/Stadt-und-Vereinsmeisterschaften_Riska_2019_021-150x150.jpg\" class=\"attachment-thumbnail size-thumbnail\" alt=\"\" srcset=\"https:\/\/www.ssv-senftenberg.de\/konzept\/wp-content\/uploads\/2020\/12\/Stadt-und-Vereinsmeisterschaften_Riska_2019_021-150x150.jpg 150w, https:\/\/www.ssv-senftenberg.de\/konzept\/wp-content\/uploads\/2020\/12\/Stadt-und-Vereinsmeisterschaften_Riska_2019_021-100x100.jpg 100w\" sizes=\"auto, 100vw\" \/><\/a>\n\t\t\t<\/div><\/figure><figure class='gallery-item'>\n\t\t\t<div class='gallery-icon landscape'>\n\t\t\t\t<a href='https:\/\/www.ssv-senftenberg.de\/konzept\/wp-content\/uploads\/2020\/12\/Stadt-und-Vereinsmeisterschaften_Riska_2019_022.jpg'><img loading=\"lazy\" decoding=\"async\" width=\"150\" height=\"150\" src=\"https:\/\/www.ssv-senftenberg.de\/konzept\/wp-content\/uploads\/2020\/12\/Stadt-und-Vereinsmeisterschaften_Riska_2019_022-150x150.jpg\" class=\"attachment-thumbnail size-thumbnail\" alt=\"\" srcset=\"https:\/\/www.ssv-senftenberg.de\/konzept\/wp-content\/uploads\/2020\/12\/Stadt-und-Vereinsmeisterschaften_Riska_2019_022-150x150.jpg 150w, https:\/\/www.ssv-senftenberg.de\/konzept\/wp-content\/uploads\/2020\/12\/Stadt-und-Vereinsmeisterschaften_Riska_2019_022-100x100.jpg 100w\" sizes=\"auto, 100vw\" \/><\/a>\n\t\t\t<\/div><\/figure><figure class='gallery-item'>\n\t\t\t<div class='gallery-icon landscape'>\n\t\t\t\t<a href='https:\/\/www.ssv-senftenberg.de\/konzept\/wp-content\/uploads\/2020\/12\/Stadt-und-Vereinsmeisterschaften_Riska_2019_023.jpg'><img loading=\"lazy\" decoding=\"async\" width=\"150\" height=\"150\" src=\"https:\/\/www.ssv-senftenberg.de\/konzept\/wp-content\/uploads\/2020\/12\/Stadt-und-Vereinsmeisterschaften_Riska_2019_023-150x150.jpg\" class=\"attachment-thumbnail size-thumbnail\" alt=\"\" srcset=\"https:\/\/www.ssv-senftenberg.de\/konzept\/wp-content\/uploads\/2020\/12\/Stadt-und-Vereinsmeisterschaften_Riska_2019_023-150x150.jpg 150w, https:\/\/www.ssv-senftenberg.de\/konzept\/wp-content\/uploads\/2020\/12\/Stadt-und-Vereinsmeisterschaften_Riska_2019_023-100x100.jpg 100w\" sizes=\"auto, 100vw\" \/><\/a>\n\t\t\t<\/div><\/figure><figure class='gallery-item'>\n\t\t\t<div class='gallery-icon landscape'>\n\t\t\t\t<a href='https:\/\/www.ssv-senftenberg.de\/konzept\/wp-content\/uploads\/2020\/12\/Stadt-und-Vereinsmeisterschaften_Riska_2019_024.jpg'><img loading=\"lazy\" decoding=\"async\" width=\"150\" height=\"150\" src=\"https:\/\/www.ssv-senftenberg.de\/konzept\/wp-content\/uploads\/2020\/12\/Stadt-und-Vereinsmeisterschaften_Riska_2019_024-150x150.jpg\" class=\"attachment-thumbnail size-thumbnail\" alt=\"\" srcset=\"https:\/\/www.ssv-senftenberg.de\/konzept\/wp-content\/uploads\/2020\/12\/Stadt-und-Vereinsmeisterschaften_Riska_2019_024-150x150.jpg 150w, https:\/\/www.ssv-senftenberg.de\/konzept\/wp-content\/uploads\/2020\/12\/Stadt-und-Vereinsmeisterschaften_Riska_2019_024-100x100.jpg 100w\" sizes=\"auto, 100vw\" \/><\/a>\n\t\t\t<\/div><\/figure><figure class='gallery-item'>\n\t\t\t<div class='gallery-icon landscape'>\n\t\t\t\t<a href='https:\/\/www.ssv-senftenberg.de\/konzept\/wp-content\/uploads\/2020\/12\/Stadt-und-Vereinsmeisterschaften_Riska_2019_056.jpg'><img loading=\"lazy\" decoding=\"async\" width=\"150\" height=\"150\" src=\"https:\/\/www.ssv-senftenberg.de\/konzept\/wp-content\/uploads\/2020\/12\/Stadt-und-Vereinsmeisterschaften_Riska_2019_056-150x150.jpg\" class=\"attachment-thumbnail size-thumbnail\" alt=\"\" srcset=\"https:\/\/www.ssv-senftenberg.de\/konzept\/wp-content\/uploads\/2020\/12\/Stadt-und-Vereinsmeisterschaften_Riska_2019_056-150x150.jpg 150w, https:\/\/www.ssv-senftenberg.de\/konzept\/wp-content\/uploads\/2020\/12\/Stadt-und-Vereinsmeisterschaften_Riska_2019_056-100x100.jpg 100w\" sizes=\"auto, 100vw\" \/><\/a>\n\t\t\t<\/div><\/figure><figure class='gallery-item'>\n\t\t\t<div class='gallery-icon landscape'>\n\t\t\t\t<a href='https:\/\/www.ssv-senftenberg.de\/konzept\/wp-content\/uploads\/2020\/12\/Stadt-und-Vereinsmeisterschaften_Riska_2019_053.jpg'><img loading=\"lazy\" decoding=\"async\" width=\"150\" height=\"150\" src=\"https:\/\/www.ssv-senftenberg.de\/konzept\/wp-content\/uploads\/2020\/12\/Stadt-und-Vereinsmeisterschaften_Riska_2019_053-150x150.jpg\" class=\"attachment-thumbnail size-thumbnail\" alt=\"\" srcset=\"https:\/\/www.ssv-senftenberg.de\/konzept\/wp-content\/uploads\/2020\/12\/Stadt-und-Vereinsmeisterschaften_Riska_2019_053-150x150.jpg 150w, https:\/\/www.ssv-senftenberg.de\/konzept\/wp-content\/uploads\/2020\/12\/Stadt-und-Vereinsmeisterschaften_Riska_2019_053-100x100.jpg 100w\" sizes=\"auto, 100vw\" \/><\/a>\n\t\t\t<\/div><\/figure><figure class='gallery-item'>\n\t\t\t<div class='gallery-icon landscape'>\n\t\t\t\t<a href='https:\/\/www.ssv-senftenberg.de\/konzept\/wp-content\/uploads\/2020\/12\/Stadt-und-Vereinsmeisterschaften_Riska_2019_038.jpg'><img loading=\"lazy\" decoding=\"async\" width=\"150\" height=\"150\" src=\"https:\/\/www.ssv-senftenberg.de\/konzept\/wp-content\/uploads\/2020\/12\/Stadt-und-Vereinsmeisterschaften_Riska_2019_038-150x150.jpg\" class=\"attachment-thumbnail size-thumbnail\" alt=\"\" srcset=\"https:\/\/www.ssv-senftenberg.de\/konzept\/wp-content\/uploads\/2020\/12\/Stadt-und-Vereinsmeisterschaften_Riska_2019_038-150x150.jpg 150w, https:\/\/www.ssv-senftenberg.de\/konzept\/wp-content\/uploads\/2020\/12\/Stadt-und-Vereinsmeisterschaften_Riska_2019_038-100x100.jpg 100w\" sizes=\"auto, 100vw\" \/><\/a>\n\t\t\t<\/div><\/figure><figure class='gallery-item'>\n\t\t\t<div class='gallery-icon landscape'>\n\t\t\t\t<a href='https:\/\/www.ssv-senftenberg.de\/konzept\/wp-content\/uploads\/2020\/12\/Stadt-und-Vereinsmeisterschaften_Riska_2019_032.jpg'><img loading=\"lazy\" decoding=\"async\" width=\"150\" height=\"150\" src=\"https:\/\/www.ssv-senftenberg.de\/konzept\/wp-content\/uploads\/2020\/12\/Stadt-und-Vereinsmeisterschaften_Riska_2019_032-150x150.jpg\" class=\"attachment-thumbnail size-thumbnail\" alt=\"\" srcset=\"https:\/\/www.ssv-senftenberg.de\/konzept\/wp-content\/uploads\/2020\/12\/Stadt-und-Vereinsmeisterschaften_Riska_2019_032-150x150.jpg 150w, https:\/\/www.ssv-senftenberg.de\/konzept\/wp-content\/uploads\/2020\/12\/Stadt-und-Vereinsmeisterschaften_Riska_2019_032-100x100.jpg 100w\" sizes=\"auto, 100vw\" \/><\/a>\n\t\t\t<\/div><\/figure><figure class='gallery-item'>\n\t\t\t<div class='gallery-icon landscape'>\n\t\t\t\t<a href='https:\/\/www.ssv-senftenberg.de\/konzept\/wp-content\/uploads\/2020\/12\/Stadt-und-Vereinsmeisterschaften_Riska_2019_036.jpg'><img loading=\"lazy\" decoding=\"async\" width=\"150\" height=\"150\" src=\"https:\/\/www.ssv-senftenberg.de\/konzept\/wp-content\/uploads\/2020\/12\/Stadt-und-Vereinsmeisterschaften_Riska_2019_036-150x150.jpg\" class=\"attachment-thumbnail size-thumbnail\" alt=\"\" srcset=\"https:\/\/www.ssv-senftenberg.de\/konzept\/wp-content\/uploads\/2020\/12\/Stadt-und-Vereinsmeisterschaften_Riska_2019_036-150x150.jpg 150w, https:\/\/www.ssv-senftenberg.de\/konzept\/wp-content\/uploads\/2020\/12\/Stadt-und-Vereinsmeisterschaften_Riska_2019_036-100x100.jpg 100w\" sizes=\"auto, 100vw\" \/><\/a>\n\t\t\t<\/div><\/figure><figure class='gallery-item'>\n\t\t\t<div class='gallery-icon landscape'>\n\t\t\t\t<a href='https:\/\/www.ssv-senftenberg.de\/konzept\/wp-content\/uploads\/2020\/12\/Stadt-und-Vereinsmeisterschaften_Riska_2019_057.jpg'><img loading=\"lazy\" decoding=\"async\" width=\"150\" height=\"150\" src=\"https:\/\/www.ssv-senftenberg.de\/konzept\/wp-content\/uploads\/2020\/12\/Stadt-und-Vereinsmeisterschaften_Riska_2019_057-150x150.jpg\" class=\"attachment-thumbnail size-thumbnail\" alt=\"\" srcset=\"https:\/\/www.ssv-senftenberg.de\/konzept\/wp-content\/uploads\/2020\/12\/Stadt-und-Vereinsmeisterschaften_Riska_2019_057-150x150.jpg 150w, https:\/\/www.ssv-senftenberg.de\/konzept\/wp-content\/uploads\/2020\/12\/Stadt-und-Vereinsmeisterschaften_Riska_2019_057-100x100.jpg 100w\" sizes=\"auto, 100vw\" \/><\/a>\n\t\t\t<\/div><\/figure><figure class='gallery-item'>\n\t\t\t<div class='gallery-icon landscape'>\n\t\t\t\t<a href='https:\/\/www.ssv-senftenberg.de\/konzept\/wp-content\/uploads\/2020\/12\/Stadt-und-Vereinsmeisterschaften_Riska_2019_055-1.jpg'><img loading=\"lazy\" decoding=\"async\" width=\"150\" height=\"150\" src=\"https:\/\/www.ssv-senftenberg.de\/konzept\/wp-content\/uploads\/2020\/12\/Stadt-und-Vereinsmeisterschaften_Riska_2019_055-1-150x150.jpg\" class=\"attachment-thumbnail size-thumbnail\" alt=\"\" srcset=\"https:\/\/www.ssv-senftenberg.de\/konzept\/wp-content\/uploads\/2020\/12\/Stadt-und-Vereinsmeisterschaften_Riska_2019_055-1-150x150.jpg 150w, https:\/\/www.ssv-senftenberg.de\/konzept\/wp-content\/uploads\/2020\/12\/Stadt-und-Vereinsmeisterschaften_Riska_2019_055-1-100x100.jpg 100w\" sizes=\"auto, 100vw\" \/><\/a>\n\t\t\t<\/div><\/figure><figure class='gallery-item'>\n\t\t\t<div class='gallery-icon landscape'>\n\t\t\t\t<a href='https:\/\/www.ssv-senftenberg.de\/konzept\/wp-content\/uploads\/2020\/12\/Stadt-und-Vereinsmeisterschaften_Riska_2019_049.jpg'><img loading=\"lazy\" decoding=\"async\" width=\"150\" height=\"150\" src=\"https:\/\/www.ssv-senftenberg.de\/konzept\/wp-content\/uploads\/2020\/12\/Stadt-und-Vereinsmeisterschaften_Riska_2019_049-150x150.jpg\" class=\"attachment-thumbnail size-thumbnail\" alt=\"\" srcset=\"https:\/\/www.ssv-senftenberg.de\/konzept\/wp-content\/uploads\/2020\/12\/Stadt-und-Vereinsmeisterschaften_Riska_2019_049-150x150.jpg 150w, https:\/\/www.ssv-senftenberg.de\/konzept\/wp-content\/uploads\/2020\/12\/Stadt-und-Vereinsmeisterschaften_Riska_2019_049-100x100.jpg 100w\" sizes=\"auto, 100vw\" \/><\/a>\n\t\t\t<\/div><\/figure><figure class='gallery-item'>\n\t\t\t<div class='gallery-icon landscape'>\n\t\t\t\t<a href='https:\/\/www.ssv-senftenberg.de\/konzept\/wp-content\/uploads\/2020\/12\/Stadt-und-Vereinsmeisterschaften_Riska_2019_039.jpg'><img loading=\"lazy\" decoding=\"async\" width=\"150\" height=\"150\" src=\"https:\/\/www.ssv-senftenberg.de\/konzept\/wp-content\/uploads\/2020\/12\/Stadt-und-Vereinsmeisterschaften_Riska_2019_039-150x150.jpg\" class=\"attachment-thumbnail size-thumbnail\" alt=\"\" srcset=\"https:\/\/www.ssv-senftenberg.de\/konzept\/wp-content\/uploads\/2020\/12\/Stadt-und-Vereinsmeisterschaften_Riska_2019_039-150x150.jpg 150w, https:\/\/www.ssv-senftenberg.de\/konzept\/wp-content\/uploads\/2020\/12\/Stadt-und-Vereinsmeisterschaften_Riska_2019_039-100x100.jpg 100w\" sizes=\"auto, 100vw\" \/><\/a>\n\t\t\t<\/div><\/figure><figure class='gallery-item'>\n\t\t\t<div class='gallery-icon landscape'>\n\t\t\t\t<a href='https:\/\/www.ssv-senftenberg.de\/konzept\/wp-content\/uploads\/2020\/12\/Stadt-und-Vereinsmeisterschaften_Riska_2019_041.jpg'><img loading=\"lazy\" decoding=\"async\" width=\"150\" height=\"150\" src=\"https:\/\/www.ssv-senftenberg.de\/konzept\/wp-content\/uploads\/2020\/12\/Stadt-und-Vereinsmeisterschaften_Riska_2019_041-150x150.jpg\" class=\"attachment-thumbnail size-thumbnail\" alt=\"\" srcset=\"https:\/\/www.ssv-senftenberg.de\/konzept\/wp-content\/uploads\/2020\/12\/Stadt-und-Vereinsmeisterschaften_Riska_2019_041-150x150.jpg 150w, https:\/\/www.ssv-senftenberg.de\/konzept\/wp-content\/uploads\/2020\/12\/Stadt-und-Vereinsmeisterschaften_Riska_2019_041-100x100.jpg 100w\" sizes=\"auto, 100vw\" \/><\/a>\n\t\t\t<\/div><\/figure>\n\t\t<\/div>\n\n<h1 id=\"Talentewettkampf2019\">Talentewettkampf Cottbus 2019<\/h1>\n<div id='gallery-3' class='gallery galleryid-3069 gallery-columns-3 gallery-size-thumbnail'><figure class='gallery-item'>\n\t\t\t<div class='gallery-icon portrait'>\n\t\t\t\t<a href='https:\/\/www.ssv-senftenberg.de\/konzept\/wp-content\/uploads\/2019\/05\/IMG-20190526-WA0009-e1558981278981.jpg'><img loading=\"lazy\" decoding=\"async\" width=\"150\" height=\"150\" src=\"https:\/\/www.ssv-senftenberg.de\/konzept\/wp-content\/uploads\/2019\/05\/IMG-20190526-WA0009-150x150.jpg\" class=\"attachment-thumbnail size-thumbnail\" alt=\"\" srcset=\"https:\/\/www.ssv-senftenberg.de\/konzept\/wp-content\/uploads\/2019\/05\/IMG-20190526-WA0009-150x150.jpg 150w, https:\/\/www.ssv-senftenberg.de\/konzept\/wp-content\/uploads\/2019\/05\/IMG-20190526-WA0009-100x100.jpg 100w\" sizes=\"auto, 100vw\" \/><\/a>\n\t\t\t<\/div><\/figure><figure class='gallery-item'>\n\t\t\t<div class='gallery-icon portrait'>\n\t\t\t\t<a href='https:\/\/www.ssv-senftenberg.de\/konzept\/wp-content\/uploads\/2020\/12\/IMG-20190526-WA0007-955x1024-1-e1609379665901.jpg'><img loading=\"lazy\" decoding=\"async\" width=\"150\" height=\"150\" src=\"https:\/\/www.ssv-senftenberg.de\/konzept\/wp-content\/uploads\/2020\/12\/IMG-20190526-WA0007-955x1024-1-150x150.jpg\" class=\"attachment-thumbnail size-thumbnail\" alt=\"\" srcset=\"https:\/\/www.ssv-senftenberg.de\/konzept\/wp-content\/uploads\/2020\/12\/IMG-20190526-WA0007-955x1024-1-150x150.jpg 150w, https:\/\/www.ssv-senftenberg.de\/konzept\/wp-content\/uploads\/2020\/12\/IMG-20190526-WA0007-955x1024-1-100x100.jpg 100w\" sizes=\"auto, 100vw\" \/><\/a>\n\t\t\t<\/div><\/figure>\n\t\t<\/div>\n\n<hr \/>\n<p><a href=\"#nachOben\">zum Anfang<\/a><\/p>\n","protected":false},"excerpt":{"rendered":"<p>Bilder-Archiv &#8211; Talentewettkampf Cottbus 2019 &#8211; Eisenh\u00fcttenst\u00e4dter Schwimm &#8211; Meeting 2019 &#8211; Stadtmeisterschaft Kurze Strecke 2019 Eisenh\u00fcttenst\u00e4dter Schwimm &#8211; Meeting 2019 Stadtmeisterschaft Kurze Strecke 2019 Talentewettkampf Cottbus 2019 zum Anfang<\/p>\n","protected":false},"author":8,"featured_media":0,"parent":285,"menu_order":0,"comment_status":"closed","ping_status":"closed","template":"","meta":{"footnotes":""},"class_list":["post-3069","page","type-page","status-publish","hentry"],"_links":{"self":[{"href":"https:\/\/www.ssv-senftenberg.de\/konzept\/wp-json\/wp\/v2\/pages\/3069","targetHints":{"allow":["GET"]}}],"collection":[{"href":"https:\/\/www.ssv-senftenberg.de\/konzept\/wp-json\/wp\/v2\/pages"}],"about":[{"href":"https:\/\/www.ssv-senftenberg.de\/konzept\/wp-json\/wp\/v2\/types\/page"}],"author":[{"embeddable":true,"href":"https:\/\/www.ssv-senftenberg.de\/konzept\/wp-json\/wp\/v2\/users\/8"}],"replies":[{"embeddable":true,"href":"https:\/\/www.ssv-senftenberg.de\/konzept\/wp-json\/wp\/v2\/comments?post=3069"}],"version-history":[{"count":44,"href":"https:\/\/www.ssv-senftenberg.de\/konzept\/wp-json\/wp\/v2\/pages\/3069\/revisions"}],"predecessor-version":[{"id":4994,"href":"https:\/\/www.ssv-senftenberg.de\/konzept\/wp-json\/wp\/v2\/pages\/3069\/revisions\/4994"}],"up":[{"embeddable":true,"href":"https:\/\/www.ssv-senftenberg.de\/konzept\/wp-json\/wp\/v2\/pages\/285"}],"wp:attachment":[{"href":"https:\/\/www.ssv-senftenberg.de\/konzept\/wp-json\/wp\/v2\/media?parent=3069"}],"curies":[{"name":"wp","href":"https:\/\/api.w.org\/{rel}","templated":true}]}}