{"id":319,"date":"2019-03-10T16:42:48","date_gmt":"2019-03-10T15:42:48","guid":{"rendered":"https:\/\/www.ssv-senftenberg.de\/konzept\/?page_id=319"},"modified":"2019-04-10T23:55:22","modified_gmt":"2019-04-10T21:55:22","slug":"schmetterling","status":"publish","type":"page","link":"https:\/\/www.ssv-senftenberg.de\/konzept\/schwimmtechniken\/schmetterling\/","title":{"rendered":"Delfin\/Schmetterling"},"content":{"rendered":"<p><img loading=\"lazy\" decoding=\"async\" class=\"aligncenter size-full wp-image-719\" src=\"https:\/\/www.ssv-senftenberg.de\/konzept\/wp-content\/uploads\/2019\/04\/delfin1.jpg\" alt=\"\" width=\"592\" height=\"131\" srcset=\"https:\/\/www.ssv-senftenberg.de\/konzept\/wp-content\/uploads\/2019\/04\/delfin1.jpg 592w, https:\/\/www.ssv-senftenberg.de\/konzept\/wp-content\/uploads\/2019\/04\/delfin1-300x66.jpg 300w\" sizes=\"auto, (max-width: 592px) 100vw, 592px\" \/><\/p>\n<div align=\"center\">\n<table border=\"0\" width=\"570\">\n<tbody>\n<tr align=\"center\" valign=\"top\">\n<td width=\"257\"><span style=\"color: #000000;\"><span style=\"font-family: Verdana, Arial, Helvetica, sans-serif; font-size: small;\">Mit dem Gesicht im Wasser streckt die Schwimmerin ihre Arme nach vorn aus. Wenn die H\u00e4nde ins Wasser eintauchen, liegen die F\u00fc\u00dfe zusammen. Der Beinschlag erfolgt an der Oberfl\u00e4che.<\/span><\/span><\/td>\n<td width=\"13\"><\/td>\n<td width=\"286\"><span style=\"color: #000000;\"><span style=\"font-family: Verdana, Arial, Helvetica, sans-serif; font-size: small;\">Beim Delfinschwimmen f\u00fchrt der K\u00f6rper in etwa die Bewegung eines Delfins aus. (daher der Name) Beine und Rumpf f\u00fchren eine rhythmische Auf- und Abbewegung aus.<\/span><\/span><\/td>\n<\/tr>\n<\/tbody>\n<\/table>\n<p><img loading=\"lazy\" decoding=\"async\" class=\"aligncenter size-full wp-image-720\" src=\"https:\/\/www.ssv-senftenberg.de\/konzept\/wp-content\/uploads\/2019\/04\/delfin2.jpg\" alt=\"\" width=\"592\" height=\"127\" srcset=\"https:\/\/www.ssv-senftenberg.de\/konzept\/wp-content\/uploads\/2019\/04\/delfin2.jpg 592w, https:\/\/www.ssv-senftenberg.de\/konzept\/wp-content\/uploads\/2019\/04\/delfin2-300x64.jpg 300w\" sizes=\"auto, (max-width: 592px) 100vw, 592px\" \/><\/p>\n<div align=\"center\">\n<table border=\"0\" width=\"570\">\n<tbody>\n<tr align=\"center\" valign=\"top\">\n<td width=\"263\"><span style=\"color: #000000; font-size: small;\"><span style=\"font-family: Verdana, Arial, Helvetica, sans-serif;\">W\u00e4hrend die Arme nach unten und zur\u00fcck ziehen, beginnt der Kopf der Schwimmerin sich zu heben, so dass die Schwimmerin atmen kann. Die Beine beginnen mit dem zweitem Beinschlag des Bewegungsablaufs.<\/span><\/span><\/td>\n<td width=\"11\"><\/td>\n<td width=\"282\"><span style=\"color: #000000; font-size: small;\"><span style=\"font-family: Verdana, Arial, Helvetica, sans-serif;\">Die Arme beenden den Zug unter Wasser und verlassen das Wasser bei der H\u00fcfte. Ein kraftvoller Beinschlag schiebt die Schultern nach oben aus dem Wasser, so dass sich die Arme nach vorn ausstrecken k\u00f6nnen und den Bewegungsablauf aufs neue vollf\u00fchren.<\/span><\/span><\/td>\n<\/tr>\n<\/tbody>\n<\/table>\n<\/div>\n<\/div>\n","protected":false},"excerpt":{"rendered":"<p>Mit dem Gesicht im Wasser streckt die Schwimmerin ihre Arme nach vorn aus. Wenn die H\u00e4nde ins Wasser eintauchen, liegen die F\u00fc\u00dfe zusammen. Der Beinschlag erfolgt an der Oberfl\u00e4che. Beim Delfinschwimmen f\u00fchrt der K\u00f6rper in etwa die Bewegung eines Delfins aus. (daher der Name) Beine und Rumpf f\u00fchren eine rhythmische Auf- und Abbewegung aus. W\u00e4hrend &hellip; <\/p>\n<p class=\"link-more\"><a href=\"https:\/\/www.ssv-senftenberg.de\/konzept\/schwimmtechniken\/schmetterling\/\" class=\"more-link\"><span class=\"screen-reader-text\">\u201eDelfin\/Schmetterling\u201c <\/span>weiterlesen<\/a><\/p>\n","protected":false},"author":5,"featured_media":0,"parent":316,"menu_order":0,"comment_status":"closed","ping_status":"closed","template":"","meta":{"footnotes":""},"class_list":["post-319","page","type-page","status-publish","hentry"],"_links":{"self":[{"href":"https:\/\/www.ssv-senftenberg.de\/konzept\/wp-json\/wp\/v2\/pages\/319","targetHints":{"allow":["GET"]}}],"collection":[{"href":"https:\/\/www.ssv-senftenberg.de\/konzept\/wp-json\/wp\/v2\/pages"}],"about":[{"href":"https:\/\/www.ssv-senftenberg.de\/konzept\/wp-json\/wp\/v2\/types\/page"}],"author":[{"embeddable":true,"href":"https:\/\/www.ssv-senftenberg.de\/konzept\/wp-json\/wp\/v2\/users\/5"}],"replies":[{"embeddable":true,"href":"https:\/\/www.ssv-senftenberg.de\/konzept\/wp-json\/wp\/v2\/comments?post=319"}],"version-history":[{"count":11,"href":"https:\/\/www.ssv-senftenberg.de\/konzept\/wp-json\/wp\/v2\/pages\/319\/revisions"}],"predecessor-version":[{"id":1057,"href":"https:\/\/www.ssv-senftenberg.de\/konzept\/wp-json\/wp\/v2\/pages\/319\/revisions\/1057"}],"up":[{"embeddable":true,"href":"https:\/\/www.ssv-senftenberg.de\/konzept\/wp-json\/wp\/v2\/pages\/316"}],"wp:attachment":[{"href":"https:\/\/www.ssv-senftenberg.de\/konzept\/wp-json\/wp\/v2\/media?parent=319"}],"curies":[{"name":"wp","href":"https:\/\/api.w.org\/{rel}","templated":true}]}}