{"id":324,"date":"2019-03-10T16:47:10","date_gmt":"2019-03-10T15:47:10","guid":{"rendered":"https:\/\/www.ssv-senftenberg.de\/konzept\/?page_id=324"},"modified":"2019-04-25T00:14:33","modified_gmt":"2019-04-24T22:14:33","slug":"ruecken","status":"publish","type":"page","link":"https:\/\/www.ssv-senftenberg.de\/konzept\/schwimmtechniken\/ruecken\/","title":{"rendered":"R\u00fccken"},"content":{"rendered":"<p><img loading=\"lazy\" decoding=\"async\" class=\"aligncenter\" src=\"https:\/\/www.ssv-senftenberg.de\/konzept\/wp-content\/uploads\/2019\/04\/ruecken1.jpg\" alt=\"\" width=\"647\" height=\"155\" \/><\/p>\n<div align=\"center\"><\/div>\n<table border=\"0\" width=\"570\">\n<tbody>\n<tr align=\"center\" valign=\"top\">\n<td width=\"49%\" height=\"20\"><span style=\"color: #000000;\"><span style=\"font-family: Verdana, Arial, Helvetica, sans-serif; font-size: small;\">Mit dem Kopf nach hinten f\u00fchrt die Schwimmerin ihren rechten Arm mit nach unten zeigendem Daumen aus dem Wasser. Der linke Arm beginnt nach unten und vom K\u00f6rper weg zu ziehen. Es wird ein kraftvoller Kraul- Beinschlag ausgef\u00fchrt.<\/span><\/span><\/td>\n<td width=\"592\" height=\"20\"><\/td>\n<td width=\"49%\" height=\"20\"><span style=\"color: #000000;\"><span style=\"font-family: Verdana, Arial, Helvetica, sans-serif; font-size: small;\">Der rechte Arm wird gerade gehalten, w\u00e4hrend sich die Hand dreht, so dass der Daumen nach oben zeigt. Der linke Arm beginnt die Kraftphase des Unterwasserzuges. Der Beinschlag bleibt gleich.<\/span><\/span><\/td>\n<\/tr>\n<\/tbody>\n<\/table>\n<p><img loading=\"lazy\" decoding=\"async\" class=\"aligncenter size-full wp-image-726\" src=\"https:\/\/www.ssv-senftenberg.de\/konzept\/wp-content\/uploads\/2019\/04\/ruecken2.jpg\" alt=\"\" width=\"592\" height=\"145\" srcset=\"https:\/\/www.ssv-senftenberg.de\/konzept\/wp-content\/uploads\/2019\/04\/ruecken2.jpg 592w, https:\/\/www.ssv-senftenberg.de\/konzept\/wp-content\/uploads\/2019\/04\/ruecken2-300x73.jpg 300w\" sizes=\"auto, (max-width: 592px) 100vw, 592px\" \/><\/p>\n<div align=\"center\">\n<table border=\"0\" width=\"570\">\n<tbody>\n<tr align=\"center\" valign=\"top\">\n<td width=\"49%\" height=\"120\"><span style=\"color: #000000;\"><span style=\"font-family: Verdana, Arial, Helvetica, sans-serif; font-size: small;\">Der rechte Arm bleibt gerade, der linke beendet den Unterwasserzug so, dass die Hand das Wasser bei der linken H\u00fcfte verlassen wird.<\/span><\/span><\/td>\n<td width=\"2%\" height=\"120\"><\/td>\n<td width=\"49%\" height=\"120\"><span style=\"color: #000000;\"><span style=\"font-family: Verdana, Arial, Helvetica, sans-serif; font-size: small;\">Der Bewegungsablauf wird fortgesetzt, sobald der linke Arm mit nach unten zeigendem Daumen in die Ausgangsstellung zur\u00fcckgeht und der rechte Arm mit nach oben zeigendem Daumen in das Wasser eintaucht. <\/span><\/span><\/td>\n<\/tr>\n<\/tbody>\n<\/table>\n<\/div>\n","protected":false},"excerpt":{"rendered":"<p>Mit dem Kopf nach hinten f\u00fchrt die Schwimmerin ihren rechten Arm mit nach unten zeigendem Daumen aus dem Wasser. Der linke Arm beginnt nach unten und vom K\u00f6rper weg zu ziehen. Es wird ein kraftvoller Kraul- Beinschlag ausgef\u00fchrt. Der rechte Arm wird gerade gehalten, w\u00e4hrend sich die Hand dreht, so dass der Daumen nach oben &hellip; <\/p>\n<p class=\"link-more\"><a href=\"https:\/\/www.ssv-senftenberg.de\/konzept\/schwimmtechniken\/ruecken\/\" class=\"more-link\"><span class=\"screen-reader-text\">\u201eR\u00fccken\u201c <\/span>weiterlesen<\/a><\/p>\n","protected":false},"author":5,"featured_media":0,"parent":316,"menu_order":0,"comment_status":"closed","ping_status":"closed","template":"","meta":{"footnotes":""},"class_list":["post-324","page","type-page","status-publish","hentry"],"_links":{"self":[{"href":"https:\/\/www.ssv-senftenberg.de\/konzept\/wp-json\/wp\/v2\/pages\/324","targetHints":{"allow":["GET"]}}],"collection":[{"href":"https:\/\/www.ssv-senftenberg.de\/konzept\/wp-json\/wp\/v2\/pages"}],"about":[{"href":"https:\/\/www.ssv-senftenberg.de\/konzept\/wp-json\/wp\/v2\/types\/page"}],"author":[{"embeddable":true,"href":"https:\/\/www.ssv-senftenberg.de\/konzept\/wp-json\/wp\/v2\/users\/5"}],"replies":[{"embeddable":true,"href":"https:\/\/www.ssv-senftenberg.de\/konzept\/wp-json\/wp\/v2\/comments?post=324"}],"version-history":[{"count":7,"href":"https:\/\/www.ssv-senftenberg.de\/konzept\/wp-json\/wp\/v2\/pages\/324\/revisions"}],"predecessor-version":[{"id":1539,"href":"https:\/\/www.ssv-senftenberg.de\/konzept\/wp-json\/wp\/v2\/pages\/324\/revisions\/1539"}],"up":[{"embeddable":true,"href":"https:\/\/www.ssv-senftenberg.de\/konzept\/wp-json\/wp\/v2\/pages\/316"}],"wp:attachment":[{"href":"https:\/\/www.ssv-senftenberg.de\/konzept\/wp-json\/wp\/v2\/media?parent=324"}],"curies":[{"name":"wp","href":"https:\/\/api.w.org\/{rel}","templated":true}]}}