{"id":327,"date":"2019-03-10T16:47:19","date_gmt":"2019-03-10T15:47:19","guid":{"rendered":"https:\/\/www.ssv-senftenberg.de\/konzept\/?page_id=327"},"modified":"2019-04-10T23:03:44","modified_gmt":"2019-04-10T21:03:44","slug":"brust","status":"publish","type":"page","link":"https:\/\/www.ssv-senftenberg.de\/konzept\/schwimmtechniken\/brust\/","title":{"rendered":"Brust"},"content":{"rendered":"<p><img loading=\"lazy\" decoding=\"async\" class=\"aligncenter size-full wp-image-709\" src=\"https:\/\/www.ssv-senftenberg.de\/konzept\/wp-content\/uploads\/2019\/04\/brust2-e1554326821228.jpg\" alt=\"\" width=\"592\" height=\"144\" \/><\/p>\n<div align=\"center\">\n<table border=\"0\" width=\"570\">\n<tbody>\n<tr align=\"center\" valign=\"top\">\n<td width=\"284\" height=\"89\">\n<div align=\"center\"><span style=\"color: #000000;\"><span style=\"font-family: Verdana, Arial, Helvetica, sans-serif; font-size: small;\">Mit den nach vorn ausgestreckten Armen und den nach hinten gestreckten Beinen nimmt der K\u00f6rper eine stromlinienf\u00f6rmige Position im Wasser ein.<\/span><\/span><\/div>\n<\/td>\n<td width=\"15\" height=\"89\"><\/td>\n<td width=\"257\" height=\"89\">\n<div align=\"center\"><span style=\"color: #000000;\"><span style=\"font-family: Verdana, Arial, Helvetica, sans-serif; font-size: small;\">Die Arme ziehen vom K\u00f6rper weg nach unten, w\u00e4hrend der Kopf aufgerichtet wird. Die Knie beugen sich und die F\u00fc\u00dfe bewegen sich in Richtung Rumpf.<\/span><\/span><\/div>\n<\/td>\n<\/tr>\n<\/tbody>\n<\/table>\n<p><img loading=\"lazy\" decoding=\"async\" class=\"aligncenter size-full wp-image-708\" src=\"https:\/\/www.ssv-senftenberg.de\/konzept\/wp-content\/uploads\/2019\/04\/brust1.jpg\" alt=\"\" width=\"592\" height=\"129\" srcset=\"https:\/\/www.ssv-senftenberg.de\/konzept\/wp-content\/uploads\/2019\/04\/brust1.jpg 592w, https:\/\/www.ssv-senftenberg.de\/konzept\/wp-content\/uploads\/2019\/04\/brust1-300x65.jpg 300w\" sizes=\"auto, (max-width: 592px) 100vw, 592px\" \/><\/p>\n<div align=\"center\">\n<table style=\"height: 244px;\" border=\"0\" width=\"1103\">\n<tbody>\n<tr align=\"center\" valign=\"top\">\n<td width=\"283\" height=\"135\">\n<div style=\"text-align: center;\" align=\"center\"><span style=\"color: #000000;\"><span style=\"font-family: Verdana, Arial, Helvetica, sans-serif; font-size: small;\">Die Arme beenden den Zug unter Wasser. Sie kehren zu der ausgestreckten, nach vorn gerichteten Position zur\u00fcck, w\u00e4hrend der Kopf und die Schultern aus dem Wasser zum Vorschein kommen.<\/span><\/span><\/div>\n<div style=\"text-align: center;\" align=\"center\"><span style=\"color: #000000;\"><span style=\"font-family: Verdana, Arial, Helvetica, sans-serif; font-size: small;\">Die F\u00fc\u00dfe bewegen sich dann w\u00e4hrend des Beinschlags nach hinten und wieder zur\u00fcck.<\/span><\/span><\/div>\n<\/td>\n<td width=\"15\" height=\"135\"><\/td>\n<td width=\"258\" height=\"135\">\n<div style=\"text-align: center;\" align=\"center\"><span style=\"color: #000000;\"><span style=\"font-family: Verdana, Arial, Helvetica, sans-serif; font-size: small;\">Der kraftvolle Beinschlag schiebt den K\u00f6rper durchs Wasser. Mit ausgestreckten Armen gleitet der K\u00f6rper durch das Wasser.<\/span><\/span><\/div>\n<\/td>\n<\/tr>\n<\/tbody>\n<\/table>\n<\/div>\n<\/div>\n","protected":false},"excerpt":{"rendered":"<p>Mit den nach vorn ausgestreckten Armen und den nach hinten gestreckten Beinen nimmt der K\u00f6rper eine stromlinienf\u00f6rmige Position im Wasser ein. Die Arme ziehen vom K\u00f6rper weg nach unten, w\u00e4hrend der Kopf aufgerichtet wird. Die Knie beugen sich und die F\u00fc\u00dfe bewegen sich in Richtung Rumpf. Die Arme beenden den Zug unter Wasser. Sie kehren &hellip; <\/p>\n<p class=\"link-more\"><a href=\"https:\/\/www.ssv-senftenberg.de\/konzept\/schwimmtechniken\/brust\/\" class=\"more-link\"><span class=\"screen-reader-text\">\u201eBrust\u201c <\/span>weiterlesen<\/a><\/p>\n","protected":false},"author":5,"featured_media":0,"parent":316,"menu_order":0,"comment_status":"closed","ping_status":"closed","template":"","meta":{"footnotes":""},"class_list":["post-327","page","type-page","status-publish","hentry"],"_links":{"self":[{"href":"https:\/\/www.ssv-senftenberg.de\/konzept\/wp-json\/wp\/v2\/pages\/327","targetHints":{"allow":["GET"]}}],"collection":[{"href":"https:\/\/www.ssv-senftenberg.de\/konzept\/wp-json\/wp\/v2\/pages"}],"about":[{"href":"https:\/\/www.ssv-senftenberg.de\/konzept\/wp-json\/wp\/v2\/types\/page"}],"author":[{"embeddable":true,"href":"https:\/\/www.ssv-senftenberg.de\/konzept\/wp-json\/wp\/v2\/users\/5"}],"replies":[{"embeddable":true,"href":"https:\/\/www.ssv-senftenberg.de\/konzept\/wp-json\/wp\/v2\/comments?post=327"}],"version-history":[{"count":6,"href":"https:\/\/www.ssv-senftenberg.de\/konzept\/wp-json\/wp\/v2\/pages\/327\/revisions"}],"predecessor-version":[{"id":718,"href":"https:\/\/www.ssv-senftenberg.de\/konzept\/wp-json\/wp\/v2\/pages\/327\/revisions\/718"}],"up":[{"embeddable":true,"href":"https:\/\/www.ssv-senftenberg.de\/konzept\/wp-json\/wp\/v2\/pages\/316"}],"wp:attachment":[{"href":"https:\/\/www.ssv-senftenberg.de\/konzept\/wp-json\/wp\/v2\/media?parent=327"}],"curies":[{"name":"wp","href":"https:\/\/api.w.org\/{rel}","templated":true}]}}