{"id":7137,"date":"2023-02-21T02:06:08","date_gmt":"2023-02-21T01:06:08","guid":{"rendered":"https:\/\/www.ssv-senftenberg.de\/konzept\/?page_id=7137"},"modified":"2023-02-21T02:07:48","modified_gmt":"2023-02-21T01:07:48","slug":"menuepunkt-veranstaltungen","status":"publish","type":"page","link":"https:\/\/www.ssv-senftenberg.de\/konzept\/was-ist-webclub\/menuepunkt-veranstaltungen\/","title":{"rendered":"Men\u00fcpunkt Veranstaltungen"},"content":{"rendered":"<p><a href=\"https:\/\/www.ssv-senftenberg.de\/konzept\/wp-content\/uploads\/2023\/02\/webclub_menue_veranstaltungen.png\"><img loading=\"lazy\" decoding=\"async\" class=\"size-medium wp-image-7138 alignleft\" src=\"https:\/\/www.ssv-senftenberg.de\/konzept\/wp-content\/uploads\/2023\/02\/webclub_menue_veranstaltungen-300x91.png\" alt=\"\" width=\"300\" height=\"91\" srcset=\"https:\/\/www.ssv-senftenberg.de\/konzept\/wp-content\/uploads\/2023\/02\/webclub_menue_veranstaltungen-300x91.png 300w, https:\/\/www.ssv-senftenberg.de\/konzept\/wp-content\/uploads\/2023\/02\/webclub_menue_veranstaltungen.png 667w\" sizes=\"auto, (max-width: 300px) 100vw, 300px\" \/><\/a>Veranstaltungen sind nach Saisons gruppiert. Die Verwaltung der Saison, sowie der einzelnen Veranstaltungen erfolgt zentral durch den Schwimmwart.<\/p>\n<p>Die Liste der Veranstaltung hat somit f\u00fcr den Trainer ma\u00dfgeblich informativen Charakter und stellt den Wettkampfkalender dar.<\/p>\n<p>Wichtig ist f\u00fcr Trainer vor allem die Funktion <strong>\u201eMeldung\u201c<\/strong> innerhalb einer Veranstaltung.<\/p>\n<p>Es gibt dar\u00fcber hinaus Funktionen zur Auswertung von Meldegeldern und WK-Ergebnissen, welche i.d.R. f\u00fcr Trainer weniger relevant sind.<\/p>\n<p><em>zur\u00fcck zu\u00a0<a href=\"https:\/\/www.ssv-senftenberg.de\/konzept\/was-ist-webclub\/\">Was ist Webclub<\/a> | weiter zu\u00a0<a href=\"https:\/\/www.ssv-senftenberg.de\/konzept\/was-ist-webclub\/einzelmeldung\/\">Einzelmeldung<\/a><\/em><\/p>\n","protected":false},"excerpt":{"rendered":"<p>Veranstaltungen sind nach Saisons gruppiert. Die Verwaltung der Saison, sowie der einzelnen Veranstaltungen erfolgt zentral durch den Schwimmwart. Die Liste der Veranstaltung hat somit f\u00fcr den Trainer ma\u00dfgeblich informativen Charakter und stellt den Wettkampfkalender dar. Wichtig ist f\u00fcr Trainer vor allem die Funktion \u201eMeldung\u201c innerhalb einer Veranstaltung. Es gibt dar\u00fcber hinaus Funktionen zur Auswertung von &hellip; <\/p>\n<p class=\"link-more\"><a href=\"https:\/\/www.ssv-senftenberg.de\/konzept\/was-ist-webclub\/menuepunkt-veranstaltungen\/\" class=\"more-link\"><span class=\"screen-reader-text\">\u201eMen\u00fcpunkt Veranstaltungen\u201c <\/span>weiterlesen<\/a><\/p>\n","protected":false},"author":5,"featured_media":0,"parent":7103,"menu_order":0,"comment_status":"closed","ping_status":"closed","template":"","meta":{"footnotes":""},"class_list":["post-7137","page","type-page","status-publish","hentry"],"_links":{"self":[{"href":"https:\/\/www.ssv-senftenberg.de\/konzept\/wp-json\/wp\/v2\/pages\/7137","targetHints":{"allow":["GET"]}}],"collection":[{"href":"https:\/\/www.ssv-senftenberg.de\/konzept\/wp-json\/wp\/v2\/pages"}],"about":[{"href":"https:\/\/www.ssv-senftenberg.de\/konzept\/wp-json\/wp\/v2\/types\/page"}],"author":[{"embeddable":true,"href":"https:\/\/www.ssv-senftenberg.de\/konzept\/wp-json\/wp\/v2\/users\/5"}],"replies":[{"embeddable":true,"href":"https:\/\/www.ssv-senftenberg.de\/konzept\/wp-json\/wp\/v2\/comments?post=7137"}],"version-history":[{"count":5,"href":"https:\/\/www.ssv-senftenberg.de\/konzept\/wp-json\/wp\/v2\/pages\/7137\/revisions"}],"predecessor-version":[{"id":7187,"href":"https:\/\/www.ssv-senftenberg.de\/konzept\/wp-json\/wp\/v2\/pages\/7137\/revisions\/7187"}],"up":[{"embeddable":true,"href":"https:\/\/www.ssv-senftenberg.de\/konzept\/wp-json\/wp\/v2\/pages\/7103"}],"wp:attachment":[{"href":"https:\/\/www.ssv-senftenberg.de\/konzept\/wp-json\/wp\/v2\/media?parent=7137"}],"curies":[{"name":"wp","href":"https:\/\/api.w.org\/{rel}","templated":true}]}}