{"id":7145,"date":"2023-02-21T02:09:43","date_gmt":"2023-02-21T01:09:43","guid":{"rendered":"https:\/\/www.ssv-senftenberg.de\/konzept\/?page_id=7145"},"modified":"2023-02-21T02:09:43","modified_gmt":"2023-02-21T01:09:43","slug":"menuepunkt-training","status":"publish","type":"page","link":"https:\/\/www.ssv-senftenberg.de\/konzept\/was-ist-webclub\/menuepunkt-training\/","title":{"rendered":"Men\u00fcpunkt Training"},"content":{"rendered":"<p><a href=\"https:\/\/www.ssv-senftenberg.de\/konzept\/wp-content\/uploads\/2023\/02\/webclub_menue_training.png\"><img loading=\"lazy\" decoding=\"async\" class=\"wp-image-7146 aligncenter\" src=\"https:\/\/www.ssv-senftenberg.de\/konzept\/wp-content\/uploads\/2023\/02\/webclub_menue_training-300x67.png\" alt=\"\" width=\"600\" height=\"134\" srcset=\"https:\/\/www.ssv-senftenberg.de\/konzept\/wp-content\/uploads\/2023\/02\/webclub_menue_training-300x67.png 300w, https:\/\/www.ssv-senftenberg.de\/konzept\/wp-content\/uploads\/2023\/02\/webclub_menue_training-768x173.png 768w, https:\/\/www.ssv-senftenberg.de\/konzept\/wp-content\/uploads\/2023\/02\/webclub_menue_training.png 1005w\" sizes=\"auto, (max-width: 600px) 100vw, 600px\" \/><\/a><\/p>\n<p>Der Men\u00fcpunkt Training beinhaltet vor allem zwei M\u00f6glichkeiten:<br \/>\nZum einen <strong>Trainingspl\u00e4ne<\/strong> aus Basisdaten und Standard-Serien zu entwerfen, dokumentieren und Auswertungen \u00fcber die Trainingspl\u00e4ne zu generieren (Diagramme zur geschwommen Strecke usw.)<\/p>\n<p>Zum anderen l\u00e4sst sich die <strong>Trainings-Anwesenheit<\/strong> der Sportler und Trainer f\u00fchren und umfangreiche Auswertungen ziehen. Dies erfordert zun\u00e4chst das man unter &#8222;Anwesenheit&#8220; &gt; &#8222;Anwesenheit f\u00fchren&#8220; die konkreten Trainings-Tage pflegt. Sofern dies getan ist k\u00f6nnen alle Personen der Trainingsgruppe mit Zugang zum Webclub sich auch \u00fcber das pers\u00f6nliche Men\u00fc zum Training an- bzw. abmelden.<\/p>\n<p><em>zur\u00fcck zu\u00a0<a href=\"https:\/\/www.ssv-senftenberg.de\/konzept\/was-ist-webclub\/\">Was ist Webclub<\/a>\u00a0<\/em><\/p>\n<p>&nbsp;<\/p>\n","protected":false},"excerpt":{"rendered":"<p>Der Men\u00fcpunkt Training beinhaltet vor allem zwei M\u00f6glichkeiten: Zum einen Trainingspl\u00e4ne aus Basisdaten und Standard-Serien zu entwerfen, dokumentieren und Auswertungen \u00fcber die Trainingspl\u00e4ne zu generieren (Diagramme zur geschwommen Strecke usw.) Zum anderen l\u00e4sst sich die Trainings-Anwesenheit der Sportler und Trainer f\u00fchren und umfangreiche Auswertungen ziehen. Dies erfordert zun\u00e4chst das man unter &#8222;Anwesenheit&#8220; &gt; &#8222;Anwesenheit f\u00fchren&#8220; &hellip; <\/p>\n<p class=\"link-more\"><a href=\"https:\/\/www.ssv-senftenberg.de\/konzept\/was-ist-webclub\/menuepunkt-training\/\" class=\"more-link\"><span class=\"screen-reader-text\">\u201eMen\u00fcpunkt Training\u201c <\/span>weiterlesen<\/a><\/p>\n","protected":false},"author":5,"featured_media":0,"parent":7103,"menu_order":0,"comment_status":"closed","ping_status":"closed","template":"","meta":{"footnotes":""},"class_list":["post-7145","page","type-page","status-publish","hentry"],"_links":{"self":[{"href":"https:\/\/www.ssv-senftenberg.de\/konzept\/wp-json\/wp\/v2\/pages\/7145","targetHints":{"allow":["GET"]}}],"collection":[{"href":"https:\/\/www.ssv-senftenberg.de\/konzept\/wp-json\/wp\/v2\/pages"}],"about":[{"href":"https:\/\/www.ssv-senftenberg.de\/konzept\/wp-json\/wp\/v2\/types\/page"}],"author":[{"embeddable":true,"href":"https:\/\/www.ssv-senftenberg.de\/konzept\/wp-json\/wp\/v2\/users\/5"}],"replies":[{"embeddable":true,"href":"https:\/\/www.ssv-senftenberg.de\/konzept\/wp-json\/wp\/v2\/comments?post=7145"}],"version-history":[{"count":2,"href":"https:\/\/www.ssv-senftenberg.de\/konzept\/wp-json\/wp\/v2\/pages\/7145\/revisions"}],"predecessor-version":[{"id":7188,"href":"https:\/\/www.ssv-senftenberg.de\/konzept\/wp-json\/wp\/v2\/pages\/7145\/revisions\/7188"}],"up":[{"embeddable":true,"href":"https:\/\/www.ssv-senftenberg.de\/konzept\/wp-json\/wp\/v2\/pages\/7103"}],"wp:attachment":[{"href":"https:\/\/www.ssv-senftenberg.de\/konzept\/wp-json\/wp\/v2\/media?parent=7145"}],"curies":[{"name":"wp","href":"https:\/\/api.w.org\/{rel}","templated":true}]}}