{"id":7148,"date":"2023-02-21T02:07:10","date_gmt":"2023-02-21T01:07:10","guid":{"rendered":"https:\/\/www.ssv-senftenberg.de\/konzept\/?page_id=7148"},"modified":"2023-02-23T23:23:25","modified_gmt":"2023-02-23T22:23:25","slug":"einzelmeldung","status":"publish","type":"page","link":"https:\/\/www.ssv-senftenberg.de\/konzept\/was-ist-webclub\/einzelmeldung\/","title":{"rendered":"Einzelmeldung"},"content":{"rendered":"<p><a href=\"https:\/\/www.ssv-senftenberg.de\/konzept\/wp-content\/uploads\/2023\/02\/webclub_veranstaltungen.png\"><img loading=\"lazy\" decoding=\"async\" class=\"size-medium wp-image-7149 alignleft\" src=\"https:\/\/www.ssv-senftenberg.de\/konzept\/wp-content\/uploads\/2023\/02\/webclub_veranstaltungen-300x153.png\" alt=\"\" width=\"300\" height=\"153\" srcset=\"https:\/\/www.ssv-senftenberg.de\/konzept\/wp-content\/uploads\/2023\/02\/webclub_veranstaltungen-300x153.png 300w, https:\/\/www.ssv-senftenberg.de\/konzept\/wp-content\/uploads\/2023\/02\/webclub_veranstaltungen.png 563w\" sizes=\"auto, (max-width: 300px) 100vw, 300px\" \/><\/a>Nach der Anmeldung am Webclub die Funktion &#8222;Veranstaltungen&#8220; ausw\u00e4hlen um in die Veranstaltungsliste zu gelangen.<\/p>\n<p>&nbsp;<\/p>\n<p>&nbsp;<\/p>\n<p><a href=\"https:\/\/www.ssv-senftenberg.de\/konzept\/wp-content\/uploads\/2023\/02\/webclub_veranstaltungsliste.png\"><img loading=\"lazy\" decoding=\"async\" class=\"size-medium wp-image-7150 alignright\" src=\"https:\/\/www.ssv-senftenberg.de\/konzept\/wp-content\/uploads\/2023\/02\/webclub_veranstaltungsliste-300x151.png\" alt=\"\" width=\"300\" height=\"151\" srcset=\"https:\/\/www.ssv-senftenberg.de\/konzept\/wp-content\/uploads\/2023\/02\/webclub_veranstaltungsliste-300x151.png 300w, https:\/\/www.ssv-senftenberg.de\/konzept\/wp-content\/uploads\/2023\/02\/webclub_veranstaltungsliste-768x387.png 768w, https:\/\/www.ssv-senftenberg.de\/konzept\/wp-content\/uploads\/2023\/02\/webclub_veranstaltungsliste.png 866w\" sizes=\"auto, (max-width: 300px) 100vw, 300px\" \/><\/a><\/p>\n<p>\u00dcber einen Klick auf den \u201egelben Ordner\u201c neben der Veranstaltung gelangt ihr zu den Details des Wettkampfs.<\/p>\n<p>&nbsp;<\/p>\n<p>&nbsp;<\/p>\n<p><a href=\"https:\/\/www.ssv-senftenberg.de\/konzept\/wp-content\/uploads\/2023\/02\/webclub_veranstaltung_meldung.png\"><img loading=\"lazy\" decoding=\"async\" class=\"size-medium wp-image-7151 alignleft\" src=\"https:\/\/www.ssv-senftenberg.de\/konzept\/wp-content\/uploads\/2023\/02\/webclub_veranstaltung_meldung-300x154.png\" alt=\"\" width=\"300\" height=\"154\" srcset=\"https:\/\/www.ssv-senftenberg.de\/konzept\/wp-content\/uploads\/2023\/02\/webclub_veranstaltung_meldung-300x154.png 300w, https:\/\/www.ssv-senftenberg.de\/konzept\/wp-content\/uploads\/2023\/02\/webclub_veranstaltung_meldung-768x394.png 768w, https:\/\/www.ssv-senftenberg.de\/konzept\/wp-content\/uploads\/2023\/02\/webclub_veranstaltung_meldung.png 899w\" sizes=\"auto, (max-width: 300px) 100vw, 300px\" \/><\/a>In den Reitern findet ihr Basisdaten zum Wettkampf, den Abschnitten usw. welche durch den Sportwart eingetragen oder aus der DSV-Datei \u00fcbernommen wurden.<br \/>\nWichtig f\u00fcr Trainer ist der Reiter &#8222;Meldungen&#8220;.<\/p>\n<p>&nbsp;<\/p>\n<p>In der untenstehenden Leiste seht Ihr einen Button f\u00fcr Einzelmeldungen.<\/p>\n<p><a href=\"https:\/\/www.ssv-senftenberg.de\/konzept\/wp-content\/uploads\/2023\/02\/webclub_veranstaltung_einzelmeldung.png\"><img loading=\"lazy\" decoding=\"async\" class=\"alignnone wp-image-7157\" src=\"https:\/\/www.ssv-senftenberg.de\/konzept\/wp-content\/uploads\/2023\/02\/webclub_veranstaltung_einzelmeldung-300x50.png\" alt=\"\" width=\"594\" height=\"99\" srcset=\"https:\/\/www.ssv-senftenberg.de\/konzept\/wp-content\/uploads\/2023\/02\/webclub_veranstaltung_einzelmeldung-300x50.png 300w, https:\/\/www.ssv-senftenberg.de\/konzept\/wp-content\/uploads\/2023\/02\/webclub_veranstaltung_einzelmeldung-768x128.png 768w, https:\/\/www.ssv-senftenberg.de\/konzept\/wp-content\/uploads\/2023\/02\/webclub_veranstaltung_einzelmeldung.png 921w\" sizes=\"auto, (max-width: 594px) 100vw, 594px\" \/><\/a><\/p>\n<p><a href=\"https:\/\/www.ssv-senftenberg.de\/konzept\/wp-content\/uploads\/2023\/02\/webclub_neue_meldung.png\"><img loading=\"lazy\" decoding=\"async\" class=\"size-medium wp-image-7161 alignleft\" src=\"https:\/\/www.ssv-senftenberg.de\/konzept\/wp-content\/uploads\/2023\/02\/webclub_neue_meldung-275x300.png\" alt=\"\" width=\"275\" height=\"300\" srcset=\"https:\/\/www.ssv-senftenberg.de\/konzept\/wp-content\/uploads\/2023\/02\/webclub_neue_meldung-275x300.png 275w, https:\/\/www.ssv-senftenberg.de\/konzept\/wp-content\/uploads\/2023\/02\/webclub_neue_meldung.png 424w\" sizes=\"auto, (max-width: 275px) 100vw, 275px\" \/><\/a>Anschlie\u00dfend \u00f6ffnet sich ein separates Fenster.<\/p>\n<p>&nbsp;<\/p>\n<p><span style=\"color: #ff0000;\">Bitte pr\u00fcft, dass Ihr <strong>\u201eNur aktive\u201c<\/strong> und <strong>\u201eNur mit DSV-Id&#8220;<\/strong> ausw\u00e4hlt. <\/span><\/p>\n<p>&nbsp;<\/p>\n<p>&nbsp;<\/p>\n<p>&nbsp;<\/p>\n<p><a href=\"https:\/\/www.ssv-senftenberg.de\/konzept\/wp-content\/uploads\/2023\/02\/webclub_meldung_schwimmer_auswaehlen.png\"><img loading=\"lazy\" decoding=\"async\" class=\"size-medium wp-image-7162 alignright\" src=\"https:\/\/www.ssv-senftenberg.de\/konzept\/wp-content\/uploads\/2023\/02\/webclub_meldung_schwimmer_auswaehlen-290x300.png\" alt=\"\" width=\"290\" height=\"300\" srcset=\"https:\/\/www.ssv-senftenberg.de\/konzept\/wp-content\/uploads\/2023\/02\/webclub_meldung_schwimmer_auswaehlen-290x300.png 290w, https:\/\/www.ssv-senftenberg.de\/konzept\/wp-content\/uploads\/2023\/02\/webclub_meldung_schwimmer_auswaehlen.png 525w\" sizes=\"auto, (max-width: 290px) 100vw, 290px\" \/><\/a><\/p>\n<p>\u00dcber den Reiter \u201eSchwimmer\u201c k\u00f6nnt Ihr euch den gew\u00fcnschten Schwimmer ausw\u00e4hlen. Wenn Ihr den gew\u00fcnschten Schwimmer ausgew\u00e4hlt habt, klickt Ihr auf diesen.<\/p>\n<p>&nbsp;<\/p>\n<p>&nbsp;<\/p>\n<p>&nbsp;<\/p>\n<p>&nbsp;<\/p>\n<p><a href=\"https:\/\/www.ssv-senftenberg.de\/konzept\/wp-content\/uploads\/2023\/02\/webclub_neue_meldung_speichern.png\"><img loading=\"lazy\" decoding=\"async\" class=\"size-medium wp-image-7163 alignleft\" src=\"https:\/\/www.ssv-senftenberg.de\/konzept\/wp-content\/uploads\/2023\/02\/webclub_neue_meldung_speichern-262x300.png\" alt=\"\" width=\"262\" height=\"300\" srcset=\"https:\/\/www.ssv-senftenberg.de\/konzept\/wp-content\/uploads\/2023\/02\/webclub_neue_meldung_speichern-262x300.png 262w, https:\/\/www.ssv-senftenberg.de\/konzept\/wp-content\/uploads\/2023\/02\/webclub_neue_meldung_speichern.png 412w\" sizes=\"auto, (max-width: 262px) 100vw, 262px\" \/><\/a>Anschlie\u00dfend schl\u00e4gt euch das System die Meldezeit vor. Hierbei unterscheidet<br \/>\ndas System automatisch ob Kurz- oder Langbahn. Untenstehend werden euch die ewigen Bestzeiten (Kurz \u2013 und Langbahn), Saison Bestzeiten (Kurz- und<br \/>\nLangbahn) und Nachweiszeitraum (Kurz und Langbahn) angezeigt.<\/p>\n<p>&nbsp;<\/p>\n<p>&nbsp;<\/p>\n<p>Anschlie\u00dfend wird euch die Meldungen und weitere Infos direkt angezeigt: <a href=\"https:\/\/www.ssv-senftenberg.de\/konzept\/wp-content\/uploads\/2023\/02\/webclub_meldung_erstellt.png\"><img loading=\"lazy\" decoding=\"async\" class=\" wp-image-7168 aligncenter\" src=\"https:\/\/www.ssv-senftenberg.de\/konzept\/wp-content\/uploads\/2023\/02\/webclub_meldung_erstellt-300x156.png\" alt=\"\" width=\"599\" height=\"312\" srcset=\"https:\/\/www.ssv-senftenberg.de\/konzept\/wp-content\/uploads\/2023\/02\/webclub_meldung_erstellt-300x156.png 300w, https:\/\/www.ssv-senftenberg.de\/konzept\/wp-content\/uploads\/2023\/02\/webclub_meldung_erstellt-768x400.png 768w, https:\/\/www.ssv-senftenberg.de\/konzept\/wp-content\/uploads\/2023\/02\/webclub_meldung_erstellt.png 867w\" sizes=\"auto, (max-width: 599px) 100vw, 599px\" \/><\/a><\/p>\n<p>Funktionen zum Abschluss und Versand der Meldung sind dem Sportwart vorbehalten, da dies nur einmalig f\u00fcr den Verein und nicht je Trainingsgruppe m\u00f6glich ist.<\/p>\n<p><em>zur\u00fcck zu\u00a0<a href=\"https:\/\/www.ssv-senftenberg.de\/konzept\/was-ist-webclub\/\">Was ist Webclub<\/a> | weiter zu\u00a0<a href=\"https:\/\/www.ssv-senftenberg.de\/konzept\/was-ist-webclub\/staffelmeldung\/\">Staffelmeldung<\/a><\/em><\/p>\n","protected":false},"excerpt":{"rendered":"<p>Nach der Anmeldung am Webclub die Funktion &#8222;Veranstaltungen&#8220; ausw\u00e4hlen um in die Veranstaltungsliste zu gelangen. &nbsp; &nbsp; \u00dcber einen Klick auf den \u201egelben Ordner\u201c neben der Veranstaltung gelangt ihr zu den Details des Wettkampfs. &nbsp; &nbsp; In den Reitern findet ihr Basisdaten zum Wettkampf, den Abschnitten usw. welche durch den Sportwart eingetragen oder aus der &hellip; <\/p>\n<p class=\"link-more\"><a href=\"https:\/\/www.ssv-senftenberg.de\/konzept\/was-ist-webclub\/einzelmeldung\/\" class=\"more-link\"><span class=\"screen-reader-text\">\u201eEinzelmeldung\u201c <\/span>weiterlesen<\/a><\/p>\n","protected":false},"author":5,"featured_media":0,"parent":7103,"menu_order":0,"comment_status":"closed","ping_status":"closed","template":"","meta":{"footnotes":""},"class_list":["post-7148","page","type-page","status-publish","hentry"],"_links":{"self":[{"href":"https:\/\/www.ssv-senftenberg.de\/konzept\/wp-json\/wp\/v2\/pages\/7148","targetHints":{"allow":["GET"]}}],"collection":[{"href":"https:\/\/www.ssv-senftenberg.de\/konzept\/wp-json\/wp\/v2\/pages"}],"about":[{"href":"https:\/\/www.ssv-senftenberg.de\/konzept\/wp-json\/wp\/v2\/types\/page"}],"author":[{"embeddable":true,"href":"https:\/\/www.ssv-senftenberg.de\/konzept\/wp-json\/wp\/v2\/users\/5"}],"replies":[{"embeddable":true,"href":"https:\/\/www.ssv-senftenberg.de\/konzept\/wp-json\/wp\/v2\/comments?post=7148"}],"version-history":[{"count":13,"href":"https:\/\/www.ssv-senftenberg.de\/konzept\/wp-json\/wp\/v2\/pages\/7148\/revisions"}],"predecessor-version":[{"id":7226,"href":"https:\/\/www.ssv-senftenberg.de\/konzept\/wp-json\/wp\/v2\/pages\/7148\/revisions\/7226"}],"up":[{"embeddable":true,"href":"https:\/\/www.ssv-senftenberg.de\/konzept\/wp-json\/wp\/v2\/pages\/7103"}],"wp:attachment":[{"href":"https:\/\/www.ssv-senftenberg.de\/konzept\/wp-json\/wp\/v2\/media?parent=7148"}],"curies":[{"name":"wp","href":"https:\/\/api.w.org\/{rel}","templated":true}]}}